{"id":2054,"date":"2026-02-05T00:00:28","date_gmt":"2026-02-05T05:00:28","guid":{"rendered":"https:\/\/topcountry.siriusxm.ca\/amanda-jordan\/"},"modified":"2026-03-28T00:31:29","modified_gmt":"2026-03-28T04:31:29","slug":"shawnee-kish","status":"publish","type":"page","link":"https:\/\/topcountry.siriusxm.ca\/fr\/shawnee-kish\/","title":{"rendered":"Artist \/\/ Shawnee Kish (French)"},"content":{"rendered":"\t\t<div data-elementor-type=\"wp-page\" data-elementor-id=\"2054\" class=\"elementor elementor-2054 elementor-1837\" data-elementor-post-type=\"page\">\n\t\t\t\t<section class=\"elementor-element elementor-element-e240141 e-flex e-con-boxed e-con e-parent\" data-id=\"e240141\" data-element_type=\"container\" data-e-type=\"container\" data-settings=\"{&quot;background_background&quot;:&quot;classic&quot;}\">\n\t\t\t\t\t<div class=\"e-con-inner\">\n\t\t<div class=\"elementor-element elementor-element-8cf10af e-flex e-con-boxed elementor-invisible e-con e-child\" data-id=\"8cf10af\" data-element_type=\"container\" data-e-type=\"container\" data-settings=\"{&quot;animation&quot;:&quot;fadeIn&quot;,&quot;animation_delay&quot;:300}\">\n\t\t\t\t\t<div class=\"e-con-inner\">\n\t\t\t\t<div class=\"elementor-element elementor-element-a4ead1f elementor-widget elementor-widget-image\" data-id=\"a4ead1f\" data-element_type=\"widget\" data-e-type=\"widget\" data-widget_type=\"image.default\">\n\t\t\t\t<div class=\"elementor-widget-container\">\n\t\t\t\t\t\t\t\t\t\t\t\t\t\t\t\t<a href=\"\/fr\/#Accueil\">\n\t\t\t\t\t\t\t<img fetchpriority=\"high\" decoding=\"async\" width=\"480\" height=\"209\" src=\"https:\/\/topcountry.siriusxm.ca\/wp-content\/uploads\/2023\/10\/TOTC-2023-Dark.png\" class=\"attachment-full size-full wp-image-3857\" alt=\"Top of the Country de SiriusXM\" srcset=\"https:\/\/topcountry.siriusxm.ca\/wp-content\/uploads\/2023\/10\/TOTC-2023-Dark.png 480w, https:\/\/topcountry.siriusxm.ca\/wp-content\/uploads\/2023\/10\/TOTC-2023-Dark-300x131.png 300w\" sizes=\"(max-width: 480px) 100vw, 480px\" \/>\t\t\t\t\t\t\t\t<\/a>\n\t\t\t\t\t\t\t\t\t\t\t\t\t\t\t<\/div>\n\t\t\t\t<\/div>\n\t\t\t\t\t<\/div>\n\t\t\t\t<\/div>\n\t\t<div class=\"elementor-element elementor-element-5a7d018 e-con-full e-flex elementor-invisible e-con e-child\" data-id=\"5a7d018\" data-element_type=\"container\" data-e-type=\"container\" data-settings=\"{&quot;animation_delay&quot;:400,&quot;animation&quot;:&quot;fadeIn&quot;}\">\n\t\t<div class=\"elementor-element elementor-element-99172fb e-con-full e-flex e-con e-child\" data-id=\"99172fb\" data-element_type=\"container\" data-e-type=\"container\">\n\t\t\t\t<div class=\"elementor-element elementor-element-ffda8e7 no-before elementor-widget elementor-widget-image\" data-id=\"ffda8e7\" data-element_type=\"widget\" data-e-type=\"widget\" data-widget_type=\"image.default\">\n\t\t\t\t<div class=\"elementor-widget-container\">\n\t\t\t\t\t\t\t\t\t\t\t\t\t\t\t<img decoding=\"async\" width=\"500\" height=\"500\" src=\"https:\/\/topcountry.siriusxm.ca\/wp-content\/uploads\/2026\/02\/Shawnee-Kish.jpg\" class=\"attachment-full size-full wp-image-8004\" alt=\"\" srcset=\"https:\/\/topcountry.siriusxm.ca\/wp-content\/uploads\/2026\/02\/Shawnee-Kish.jpg 500w, https:\/\/topcountry.siriusxm.ca\/wp-content\/uploads\/2026\/02\/Shawnee-Kish-300x300.jpg 300w, https:\/\/topcountry.siriusxm.ca\/wp-content\/uploads\/2026\/02\/Shawnee-Kish-150x150.jpg 150w\" sizes=\"(max-width: 500px) 100vw, 500px\" \/>\t\t\t\t\t\t\t\t\t\t\t\t\t\t\t<\/div>\n\t\t\t\t<\/div>\n\t\t\t\t<\/div>\n\t\t<div class=\"elementor-element elementor-element-9701f19 e-con-full e-flex e-con e-child\" data-id=\"9701f19\" data-element_type=\"container\" data-e-type=\"container\">\n\t\t\t\t<div class=\"elementor-element elementor-element-99e733f elementor-widget elementor-widget-heading\" data-id=\"99e733f\" data-element_type=\"widget\" data-e-type=\"widget\" data-widget_type=\"heading.default\">\n\t\t\t\t<div class=\"elementor-widget-container\">\n\t\t\t\t\t<h2 class=\"elementor-heading-title elementor-size-default\">Shawnee Kish<\/h2>\t\t\t\t<\/div>\n\t\t\t\t<\/div>\n\t\t\t\t<div class=\"elementor-element elementor-element-d06cd29 elementor-widget__width-initial link-blue-underline elementor-widget elementor-widget-text-editor\" data-id=\"d06cd29\" data-element_type=\"widget\" data-e-type=\"widget\" data-widget_type=\"text-editor.default\">\n\t\t\t\t<div class=\"elementor-widget-container\">\n\t\t\t\t\t\t\t\t\t<p>Originaire d\u2019Edmonton, en Alberta, Shawnee Kish est une artiste autochtone bispirituelle qui propose de la musique country teint\u00e9e de rock, caract\u00e9ris\u00e9e par son \u00e9nergie, son authenticit\u00e9 et sa voix imposante. Sorti en juillet 2025, son premier album, <em>Chapter 1<\/em>, a marqu\u00e9 son entr\u00e9e officielle dans le genre. Laur\u00e9ate du concours <em>Wide Open Country <\/em>dans la cat\u00e9gorie \u00ab Alternative Country \u00bb, Shawnee conna\u00eet un succ\u00e8s fulgurant en tant que nouvelle voix audacieuse de la musique country canadienne.<\/p><p>D\u00e9couvrez Shawnee Kish sur <a href=\"https:\/\/www.facebook.com\/MitchZorn26\/\" target=\"_blank\" rel=\"noopener\">Facebook<\/a>, <a href=\"https:\/\/www.instagram.com\/mitchzorn\/\" target=\"_blank\" rel=\"noopener\">Instagram<\/a>, <a href=\"https:\/\/www.tiktok.com\/@mitchzorn\" target=\"_blank\" rel=\"noopener\">TikTok<\/a> et son <a href=\"https:\/\/www.mitchzorn.com\/ \" target=\"_blank\" rel=\"noopener\">site web<\/a>.<\/p>\t\t\t\t\t\t\t\t<\/div>\n\t\t\t\t<\/div>\n\t\t\t\t<div class=\"elementor-element elementor-element-2b61df5 elementor-widget elementor-widget-heading\" data-id=\"2b61df5\" data-element_type=\"widget\" data-e-type=\"widget\" data-widget_type=\"heading.default\">\n\t\t\t\t<div class=\"elementor-widget-container\">\n\t\t\t\t\t<h3 class=\"elementor-heading-title elementor-size-default\">Partager<\/h3>\t\t\t\t<\/div>\n\t\t\t\t<\/div>\n\t\t\t\t<div class=\"elementor-element elementor-element-f7680b1 elementor-widget__width-initial elementor-widget elementor-widget-text-editor\" data-id=\"f7680b1\" data-element_type=\"widget\" data-e-type=\"widget\" data-widget_type=\"text-editor.default\">\n\t\t\t\t<div class=\"elementor-widget-container\">\n\t\t\t\t\t\t\t\t\t<p>\u2014<\/p>\t\t\t\t\t\t\t\t<\/div>\n\t\t\t\t<\/div>\n\t\t\t\t<div class=\"elementor-element elementor-element-34dfa69 elementor-shape-circle elementor-grid-2 e-grid-align-left elementor-widget elementor-widget-social-icons\" data-id=\"34dfa69\" data-element_type=\"widget\" data-e-type=\"widget\" data-widget_type=\"social-icons.default\">\n\t\t\t\t<div class=\"elementor-widget-container\">\n\t\t\t\t\t\t\t<div class=\"elementor-social-icons-wrapper elementor-grid\" role=\"list\">\n\t\t\t\t\t\t\t<span class=\"elementor-grid-item\" role=\"listitem\">\n\t\t\t\t\t<a class=\"elementor-icon elementor-social-icon elementor-social-icon-facebook elementor-repeater-item-89b26eb\" href=\"https:\/\/www.facebook.com\/sharer\/sharer.php?u=https:\/\/topcountry.siriusxm.ca\/fr\/shawnee-kish\" target=\"_blank\">\n\t\t\t\t\t\t<span class=\"elementor-screen-only\">Facebook<\/span>\n\t\t\t\t\t\t<i aria-hidden=\"true\" class=\"fab fa-facebook\"><\/i>\t\t\t\t\t<\/a>\n\t\t\t\t<\/span>\n\t\t\t\t\t\t\t<span class=\"elementor-grid-item\" role=\"listitem\">\n\t\t\t\t\t<a class=\"elementor-icon elementor-social-icon elementor-social-icon-twitter elementor-repeater-item-85017e6\" href=\"https:\/\/twitter.com\/intent\/tweet?url=https%3A%2F%2Ftopcountry.siriusxm.ca%2Ffr%2Fshawnee-kish&#038;text=Decouvrez-en%20davantage%20a%20propos%20de%20Shawnee%20Kish%20du%20concours%20Top%20of%20the%20Country%20de%20SiriusXM.&#038;hashtags=topofthecountry\" target=\"_blank\">\n\t\t\t\t\t\t<span class=\"elementor-screen-only\">Twitter<\/span>\n\t\t\t\t\t\t<i aria-hidden=\"true\" class=\"fab fa-twitter\"><\/i>\t\t\t\t\t<\/a>\n\t\t\t\t<\/span>\n\t\t\t\t\t<\/div>\n\t\t\t\t\t\t<\/div>\n\t\t\t\t<\/div>\n\t\t\t\t<\/div>\n\t\t\t\t<\/div>\n\t\t<div class=\"elementor-element elementor-element-a4307f0 e-con-full e-flex elementor-invisible e-con e-child\" data-id=\"a4307f0\" data-element_type=\"container\" data-e-type=\"container\" data-settings=\"{&quot;animation_delay&quot;:400,&quot;animation&quot;:&quot;fadeIn&quot;}\">\n\t\t<div class=\"elementor-element elementor-element-655b433 e-con-full e-flex e-con e-child\" data-id=\"655b433\" data-element_type=\"container\" data-e-type=\"container\">\n\t\t\t\t<div class=\"elementor-element elementor-element-9c6d7e3 elementor-widget elementor-widget-image\" data-id=\"9c6d7e3\" data-element_type=\"widget\" data-e-type=\"widget\" data-widget_type=\"image.default\">\n\t\t\t\t<div class=\"elementor-widget-container\">\n\t\t\t\t\t\t\t\t\t\t\t\t\t\t\t\t<a href=\"\/fr\/morgan-griffiths\/\">\n\t\t\t\t\t\t\t<img decoding=\"async\" width=\"70\" height=\"70\" src=\"https:\/\/topcountry.siriusxm.ca\/wp-content\/uploads\/2023\/02\/Left-Arrow.png\" class=\"elementor-animation-grow attachment-full size-full wp-image-1678\" alt=\"\" \/>\t\t\t\t\t\t\t\t<\/a>\n\t\t\t\t\t\t\t\t\t\t\t\t\t\t\t<\/div>\n\t\t\t\t<\/div>\n\t\t\t\t<\/div>\n\t\t<div class=\"elementor-element elementor-element-6d547d8 e-con-full e-flex e-con e-child\" data-id=\"6d547d8\" data-element_type=\"container\" data-e-type=\"container\">\n\t\t\t\t<div class=\"elementor-element elementor-element-7ae58d6 elementor-widget elementor-widget-image\" data-id=\"7ae58d6\" data-element_type=\"widget\" data-e-type=\"widget\" data-widget_type=\"image.default\">\n\t\t\t\t<div class=\"elementor-widget-container\">\n\t\t\t\t\t\t\t\t\t\t\t\t\t\t\t\t<a href=\"\/fr\/morgan-klaiber\/\">\n\t\t\t\t\t\t\t<img loading=\"lazy\" decoding=\"async\" width=\"70\" height=\"70\" src=\"https:\/\/topcountry.siriusxm.ca\/wp-content\/uploads\/2023\/02\/Right-Arrow.png\" class=\"elementor-animation-grow attachment-full size-full wp-image-1680\" alt=\"\" \/>\t\t\t\t\t\t\t\t<\/a>\n\t\t\t\t\t\t\t\t\t\t\t\t\t\t\t<\/div>\n\t\t\t\t<\/div>\n\t\t\t\t<\/div>\n\t\t\t\t<\/div>\n\t\t\t\t\t<\/div>\n\t\t\t\t<\/section>\n\t\t\t\t<\/div>\n\t\t","protected":false},"excerpt":{"rendered":"<p>Shawnee Kish Originaire d\u2019Edmonton, en Alberta, Shawnee Kish est une artiste autochtone bispirituelle qui propose de la musique country teint\u00e9e de rock, caract\u00e9ris\u00e9e par son \u00e9nergie, son authenticit\u00e9 et sa voix imposante. Sorti en juillet 2025, son premier album, Chapter 1, a marqu\u00e9 son entr\u00e9e officielle dans le genre. Laur\u00e9ate du concours Wide Open Country &hellip; <a href=\"https:\/\/topcountry.siriusxm.ca\/fr\/shawnee-kish\/\">Continued<\/a><\/p>\n","protected":false},"author":2,"featured_media":3824,"parent":0,"menu_order":0,"comment_status":"closed","ping_status":"closed","template":"","meta":{"_acf_changed":false,"footnotes":""},"class_list":["post-2054","page","type-page","status-publish","has-post-thumbnail","hentry"],"acf":[],"yoast_head":"<!-- This site is optimized with the Yoast SEO plugin v27.2 - https:\/\/yoast.com\/product\/yoast-seo-wordpress\/ -->\n<title>Top of the Country de SiriusXM | Shawnee Kish<\/title>\n<meta name=\"description\" content=\"D\u00e9couvrez-en davantage \u00e0 propos de Shawnee Kish du concours Top of the Country de SiriusXM.\" \/>\n<meta name=\"robots\" content=\"index, follow, max-snippet:-1, max-image-preview:large, max-video-preview:-1\" \/>\n<link rel=\"canonical\" href=\"https:\/\/topcountry.siriusxm.ca\/fr\/shawnee-kish\/\" \/>\n<meta property=\"og:locale\" content=\"fr_FR\" \/>\n<meta property=\"og:type\" content=\"article\" \/>\n<meta property=\"og:title\" content=\"Top of the Country de SiriusXM | Shawnee Kish\" \/>\n<meta property=\"og:description\" content=\"D\u00e9couvrez-en davantage \u00e0 propos de Shawnee Kish du concours Top of the Country de SiriusXM.\" \/>\n<meta property=\"og:url\" content=\"https:\/\/topcountry.siriusxm.ca\/fr\/shawnee-kish\/\" \/>\n<meta property=\"og:site_name\" content=\"SiriusXM Top Country\" \/>\n<meta property=\"article:modified_time\" content=\"2026-03-28T04:31:29+00:00\" \/>\n<meta property=\"og:image\" content=\"https:\/\/topcountry.siriusxm.ca\/wp-content\/uploads\/2023\/10\/TOTC-2023-FR-Facebook.jpg\" \/>\n\t<meta property=\"og:image:width\" content=\"1200\" \/>\n\t<meta property=\"og:image:height\" content=\"630\" \/>\n\t<meta property=\"og:image:type\" content=\"image\/jpeg\" \/>\n<meta name=\"twitter:card\" content=\"summary_large_image\" \/>\n<meta name=\"twitter:label1\" content=\"Dur\u00e9e de lecture estim\u00e9e\" \/>\n\t<meta name=\"twitter:data1\" content=\"2 minutes\" \/>\n<script type=\"application\/ld+json\" class=\"yoast-schema-graph\">{\"@context\":\"https:\/\/schema.org\",\"@graph\":[{\"@type\":\"WebPage\",\"@id\":\"https:\/\/topcountry.siriusxm.ca\/fr\/shawnee-kish\/\",\"url\":\"https:\/\/topcountry.siriusxm.ca\/fr\/shawnee-kish\/\",\"name\":\"Top of the Country de SiriusXM | Shawnee Kish\",\"isPartOf\":{\"@id\":\"https:\/\/topcountry.siriusxm.ca\/fr\/#website\"},\"primaryImageOfPage\":{\"@id\":\"https:\/\/topcountry.siriusxm.ca\/fr\/shawnee-kish\/#primaryimage\"},\"image\":{\"@id\":\"https:\/\/topcountry.siriusxm.ca\/fr\/shawnee-kish\/#primaryimage\"},\"thumbnailUrl\":\"https:\/\/topcountry.siriusxm.ca\/wp-content\/uploads\/2023\/10\/TOTC-2023-FR-Facebook.jpg\",\"datePublished\":\"2026-02-05T05:00:28+00:00\",\"dateModified\":\"2026-03-28T04:31:29+00:00\",\"description\":\"D\u00e9couvrez-en davantage \u00e0 propos de Shawnee Kish du concours Top of the Country de SiriusXM.\",\"breadcrumb\":{\"@id\":\"https:\/\/topcountry.siriusxm.ca\/fr\/shawnee-kish\/#breadcrumb\"},\"inLanguage\":\"fr-FR\",\"potentialAction\":[{\"@type\":\"ReadAction\",\"target\":[\"https:\/\/topcountry.siriusxm.ca\/fr\/shawnee-kish\/\"]}]},{\"@type\":\"ImageObject\",\"inLanguage\":\"fr-FR\",\"@id\":\"https:\/\/topcountry.siriusxm.ca\/fr\/shawnee-kish\/#primaryimage\",\"url\":\"https:\/\/topcountry.siriusxm.ca\/wp-content\/uploads\/2023\/10\/TOTC-2023-FR-Facebook.jpg\",\"contentUrl\":\"https:\/\/topcountry.siriusxm.ca\/wp-content\/uploads\/2023\/10\/TOTC-2023-FR-Facebook.jpg\",\"width\":1200,\"height\":630},{\"@type\":\"BreadcrumbList\",\"@id\":\"https:\/\/topcountry.siriusxm.ca\/fr\/shawnee-kish\/#breadcrumb\",\"itemListElement\":[{\"@type\":\"ListItem\",\"position\":1,\"name\":\"Home\",\"item\":\"https:\/\/topcountry.siriusxm.ca\/fr\/\"},{\"@type\":\"ListItem\",\"position\":2,\"name\":\"Artist \/\/ Shawnee Kish (French)\"}]},{\"@type\":\"WebSite\",\"@id\":\"https:\/\/topcountry.siriusxm.ca\/fr\/#website\",\"url\":\"https:\/\/topcountry.siriusxm.ca\/fr\/\",\"name\":\"SiriusXM Top Country\",\"description\":\"\",\"potentialAction\":[{\"@type\":\"SearchAction\",\"target\":{\"@type\":\"EntryPoint\",\"urlTemplate\":\"https:\/\/topcountry.siriusxm.ca\/fr\/?s={search_term_string}\"},\"query-input\":{\"@type\":\"PropertyValueSpecification\",\"valueRequired\":true,\"valueName\":\"search_term_string\"}}],\"inLanguage\":\"fr-FR\"}]}<\/script>\n<!-- \/ Yoast SEO plugin. -->","yoast_head_json":{"title":"Top of the Country de SiriusXM | Shawnee Kish","description":"D\u00e9couvrez-en davantage \u00e0 propos de Shawnee Kish du concours Top of the Country de SiriusXM.","robots":{"index":"index","follow":"follow","max-snippet":"max-snippet:-1","max-image-preview":"max-image-preview:large","max-video-preview":"max-video-preview:-1"},"canonical":"https:\/\/topcountry.siriusxm.ca\/fr\/shawnee-kish\/","og_locale":"fr_FR","og_type":"article","og_title":"Top of the Country de SiriusXM | Shawnee Kish","og_description":"D\u00e9couvrez-en davantage \u00e0 propos de Shawnee Kish du concours Top of the Country de SiriusXM.","og_url":"https:\/\/topcountry.siriusxm.ca\/fr\/shawnee-kish\/","og_site_name":"SiriusXM Top Country","article_modified_time":"2026-03-28T04:31:29+00:00","og_image":[{"width":1200,"height":630,"url":"https:\/\/topcountry.siriusxm.ca\/wp-content\/uploads\/2023\/10\/TOTC-2023-FR-Facebook.jpg","type":"image\/jpeg"}],"twitter_card":"summary_large_image","twitter_misc":{"Dur\u00e9e de lecture estim\u00e9e":"2 minutes"},"schema":{"@context":"https:\/\/schema.org","@graph":[{"@type":"WebPage","@id":"https:\/\/topcountry.siriusxm.ca\/fr\/shawnee-kish\/","url":"https:\/\/topcountry.siriusxm.ca\/fr\/shawnee-kish\/","name":"Top of the Country de SiriusXM | Shawnee Kish","isPartOf":{"@id":"https:\/\/topcountry.siriusxm.ca\/fr\/#website"},"primaryImageOfPage":{"@id":"https:\/\/topcountry.siriusxm.ca\/fr\/shawnee-kish\/#primaryimage"},"image":{"@id":"https:\/\/topcountry.siriusxm.ca\/fr\/shawnee-kish\/#primaryimage"},"thumbnailUrl":"https:\/\/topcountry.siriusxm.ca\/wp-content\/uploads\/2023\/10\/TOTC-2023-FR-Facebook.jpg","datePublished":"2026-02-05T05:00:28+00:00","dateModified":"2026-03-28T04:31:29+00:00","description":"D\u00e9couvrez-en davantage \u00e0 propos de Shawnee Kish du concours Top of the Country de SiriusXM.","breadcrumb":{"@id":"https:\/\/topcountry.siriusxm.ca\/fr\/shawnee-kish\/#breadcrumb"},"inLanguage":"fr-FR","potentialAction":[{"@type":"ReadAction","target":["https:\/\/topcountry.siriusxm.ca\/fr\/shawnee-kish\/"]}]},{"@type":"ImageObject","inLanguage":"fr-FR","@id":"https:\/\/topcountry.siriusxm.ca\/fr\/shawnee-kish\/#primaryimage","url":"https:\/\/topcountry.siriusxm.ca\/wp-content\/uploads\/2023\/10\/TOTC-2023-FR-Facebook.jpg","contentUrl":"https:\/\/topcountry.siriusxm.ca\/wp-content\/uploads\/2023\/10\/TOTC-2023-FR-Facebook.jpg","width":1200,"height":630},{"@type":"BreadcrumbList","@id":"https:\/\/topcountry.siriusxm.ca\/fr\/shawnee-kish\/#breadcrumb","itemListElement":[{"@type":"ListItem","position":1,"name":"Home","item":"https:\/\/topcountry.siriusxm.ca\/fr\/"},{"@type":"ListItem","position":2,"name":"Artist \/\/ Shawnee Kish (French)"}]},{"@type":"WebSite","@id":"https:\/\/topcountry.siriusxm.ca\/fr\/#website","url":"https:\/\/topcountry.siriusxm.ca\/fr\/","name":"SiriusXM Top Country","description":"","potentialAction":[{"@type":"SearchAction","target":{"@type":"EntryPoint","urlTemplate":"https:\/\/topcountry.siriusxm.ca\/fr\/?s={search_term_string}"},"query-input":{"@type":"PropertyValueSpecification","valueRequired":true,"valueName":"search_term_string"}}],"inLanguage":"fr-FR"}]}},"_links":{"self":[{"href":"https:\/\/topcountry.siriusxm.ca\/fr\/wp-json\/wp\/v2\/pages\/2054","targetHints":{"allow":["GET"]}}],"collection":[{"href":"https:\/\/topcountry.siriusxm.ca\/fr\/wp-json\/wp\/v2\/pages"}],"about":[{"href":"https:\/\/topcountry.siriusxm.ca\/fr\/wp-json\/wp\/v2\/types\/page"}],"author":[{"embeddable":true,"href":"https:\/\/topcountry.siriusxm.ca\/fr\/wp-json\/wp\/v2\/users\/2"}],"replies":[{"embeddable":true,"href":"https:\/\/topcountry.siriusxm.ca\/fr\/wp-json\/wp\/v2\/comments?post=2054"}],"version-history":[{"count":164,"href":"https:\/\/topcountry.siriusxm.ca\/fr\/wp-json\/wp\/v2\/pages\/2054\/revisions"}],"predecessor-version":[{"id":8225,"href":"https:\/\/topcountry.siriusxm.ca\/fr\/wp-json\/wp\/v2\/pages\/2054\/revisions\/8225"}],"wp:featuredmedia":[{"embeddable":true,"href":"https:\/\/topcountry.siriusxm.ca\/fr\/wp-json\/wp\/v2\/media\/3824"}],"wp:attachment":[{"href":"https:\/\/topcountry.siriusxm.ca\/fr\/wp-json\/wp\/v2\/media?parent=2054"}],"curies":[{"name":"wp","href":"https:\/\/api.w.org\/{rel}","templated":true}]}}