{"id":6329,"date":"2026-02-05T00:00:03","date_gmt":"2026-02-05T05:00:03","guid":{"rendered":"https:\/\/topcountry.siriusxm.ca\/annika-catharina\/"},"modified":"2026-03-28T00:30:36","modified_gmt":"2026-03-28T04:30:36","slug":"morgan-klaiber","status":"publish","type":"page","link":"https:\/\/topcountry.siriusxm.ca\/fr\/morgan-klaiber\/","title":{"rendered":"Artist \/\/ Morgan Klaiber (French)"},"content":{"rendered":"\t\t<div data-elementor-type=\"wp-page\" data-elementor-id=\"6329\" class=\"elementor elementor-6329 elementor-6308\" data-elementor-post-type=\"page\">\n\t\t\t\t<section class=\"elementor-element elementor-element-b48ad91 e-flex e-con-boxed e-con e-parent\" data-id=\"b48ad91\" data-element_type=\"container\" data-e-type=\"container\" data-settings=\"{&quot;background_background&quot;:&quot;classic&quot;}\">\n\t\t\t\t\t<div class=\"e-con-inner\">\n\t\t<div class=\"elementor-element elementor-element-749e9bb e-flex e-con-boxed elementor-invisible e-con e-child\" data-id=\"749e9bb\" data-element_type=\"container\" data-e-type=\"container\" data-settings=\"{&quot;animation&quot;:&quot;fadeIn&quot;,&quot;animation_delay&quot;:300}\">\n\t\t\t\t\t<div class=\"e-con-inner\">\n\t\t\t\t<div class=\"elementor-element elementor-element-2f39fae elementor-widget elementor-widget-image\" data-id=\"2f39fae\" data-element_type=\"widget\" data-e-type=\"widget\" data-widget_type=\"image.default\">\n\t\t\t\t<div class=\"elementor-widget-container\">\n\t\t\t\t\t\t\t\t\t\t\t\t\t\t\t\t<a href=\"\/fr\/#Accueil\">\n\t\t\t\t\t\t\t<img fetchpriority=\"high\" decoding=\"async\" width=\"480\" height=\"209\" src=\"https:\/\/topcountry.siriusxm.ca\/wp-content\/uploads\/2023\/10\/TOTC-2023-Dark.png\" class=\"attachment-full size-full wp-image-3857\" alt=\"Top of the Country de SiriusXM\" srcset=\"https:\/\/topcountry.siriusxm.ca\/wp-content\/uploads\/2023\/10\/TOTC-2023-Dark.png 480w, https:\/\/topcountry.siriusxm.ca\/wp-content\/uploads\/2023\/10\/TOTC-2023-Dark-300x131.png 300w\" sizes=\"(max-width: 480px) 100vw, 480px\" \/>\t\t\t\t\t\t\t\t<\/a>\n\t\t\t\t\t\t\t\t\t\t\t\t\t\t\t<\/div>\n\t\t\t\t<\/div>\n\t\t\t\t\t<\/div>\n\t\t\t\t<\/div>\n\t\t<div class=\"elementor-element elementor-element-b78b660 e-con-full e-flex elementor-invisible e-con e-child\" data-id=\"b78b660\" data-element_type=\"container\" data-e-type=\"container\" data-settings=\"{&quot;animation_delay&quot;:400,&quot;animation&quot;:&quot;fadeIn&quot;}\">\n\t\t<div class=\"elementor-element elementor-element-75b80c4 e-con-full e-flex e-con e-child\" data-id=\"75b80c4\" data-element_type=\"container\" data-e-type=\"container\">\n\t\t\t\t<div class=\"elementor-element elementor-element-3d8cdd0 no-before elementor-widget elementor-widget-image\" data-id=\"3d8cdd0\" data-element_type=\"widget\" data-e-type=\"widget\" data-widget_type=\"image.default\">\n\t\t\t\t<div class=\"elementor-widget-container\">\n\t\t\t\t\t\t\t\t\t\t\t\t\t\t\t<img decoding=\"async\" width=\"500\" height=\"500\" src=\"https:\/\/topcountry.siriusxm.ca\/wp-content\/uploads\/2026\/02\/Morgan-Klaiber.jpg\" class=\"attachment-full size-full wp-image-8000\" alt=\"\" srcset=\"https:\/\/topcountry.siriusxm.ca\/wp-content\/uploads\/2026\/02\/Morgan-Klaiber.jpg 500w, https:\/\/topcountry.siriusxm.ca\/wp-content\/uploads\/2026\/02\/Morgan-Klaiber-300x300.jpg 300w, https:\/\/topcountry.siriusxm.ca\/wp-content\/uploads\/2026\/02\/Morgan-Klaiber-150x150.jpg 150w\" sizes=\"(max-width: 500px) 100vw, 500px\" \/>\t\t\t\t\t\t\t\t\t\t\t\t\t\t\t<\/div>\n\t\t\t\t<\/div>\n\t\t\t\t<\/div>\n\t\t<div class=\"elementor-element elementor-element-7b508d6 e-con-full e-flex e-con e-child\" data-id=\"7b508d6\" data-element_type=\"container\" data-e-type=\"container\">\n\t\t\t\t<div class=\"elementor-element elementor-element-e7ee564 elementor-widget elementor-widget-heading\" data-id=\"e7ee564\" data-element_type=\"widget\" data-e-type=\"widget\" data-widget_type=\"heading.default\">\n\t\t\t\t<div class=\"elementor-widget-container\">\n\t\t\t\t\t<h2 class=\"elementor-heading-title elementor-size-default\">Morgan Klaiber<\/h2>\t\t\t\t<\/div>\n\t\t\t\t<\/div>\n\t\t\t\t<div class=\"elementor-element elementor-element-a963c72 elementor-widget__width-initial link-blue-underline elementor-widget elementor-widget-text-editor\" data-id=\"a963c72\" data-element_type=\"widget\" data-e-type=\"widget\" data-widget_type=\"text-editor.default\">\n\t\t\t\t<div class=\"elementor-widget-container\">\n\t\t\t\t\t\t\t\t\t<p>La musique de Morgan Klaiber incarne l\u2019esprit intemporel de l\u2019Ouest. \u00c9lev\u00e9e dans un ranch des Prairies pr\u00e8s de Medicine Hat, en Alberta, Morgan a remport\u00e9 en 2025 le prestigieux prix de l\u2019Album de l\u2019ann\u00e9e aux Country Music Alberta Awards pour son premier album, <em>Hardgrass Country<\/em>. Sa voix \u00e0 la fois raffin\u00e9e et authentique, m\u00ealant un lyrisme folk et une touche de rock classique, l\u2019a propuls\u00e9e parmi les talents les plus captivants, uniques et prometteurs de l\u2019Ouest canadien.<\/p>\n<p>D\u00e9couvrez Morgan Klaiber sur <a href=\"https:\/\/www.facebook.com\/morganklaibermusic1\" target=\"_blank\" rel=\"noopener\">Facebook<\/a>, <a href=\"https:\/\/www.instagram.com\/morganklaibermusic\/\" target=\"_blank\" rel=\"noopener\">Instagram<\/a>, <a href=\"https:\/\/www.tiktok.com\/@morganklaibermusic\" target=\"_blank\" rel=\"noopener\">TikTok<\/a> et son <a href=\"https:\/\/morganklaiber.com\/\" target=\"_blank\" rel=\"noopener\">site web<\/a>.<\/p>\t\t\t\t\t\t\t\t<\/div>\n\t\t\t\t<\/div>\n\t\t\t\t<div class=\"elementor-element elementor-element-3bfbd0a elementor-widget elementor-widget-heading\" data-id=\"3bfbd0a\" data-element_type=\"widget\" data-e-type=\"widget\" data-widget_type=\"heading.default\">\n\t\t\t\t<div class=\"elementor-widget-container\">\n\t\t\t\t\t<h3 class=\"elementor-heading-title elementor-size-default\">Partager<\/h3>\t\t\t\t<\/div>\n\t\t\t\t<\/div>\n\t\t\t\t<div class=\"elementor-element elementor-element-17eaf50 elementor-widget__width-initial elementor-widget elementor-widget-text-editor\" data-id=\"17eaf50\" data-element_type=\"widget\" data-e-type=\"widget\" data-widget_type=\"text-editor.default\">\n\t\t\t\t<div class=\"elementor-widget-container\">\n\t\t\t\t\t\t\t\t\t<p>\u2014<\/p>\t\t\t\t\t\t\t\t<\/div>\n\t\t\t\t<\/div>\n\t\t\t\t<div class=\"elementor-element elementor-element-eb0d2d5 elementor-shape-circle elementor-grid-2 e-grid-align-left elementor-widget elementor-widget-social-icons\" data-id=\"eb0d2d5\" data-element_type=\"widget\" data-e-type=\"widget\" data-widget_type=\"social-icons.default\">\n\t\t\t\t<div class=\"elementor-widget-container\">\n\t\t\t\t\t\t\t<div class=\"elementor-social-icons-wrapper elementor-grid\" role=\"list\">\n\t\t\t\t\t\t\t<span class=\"elementor-grid-item\" role=\"listitem\">\n\t\t\t\t\t<a class=\"elementor-icon elementor-social-icon elementor-social-icon-facebook elementor-repeater-item-89b26eb\" href=\"https:\/\/www.facebook.com\/sharer\/sharer.php?u=https:\/\/topcountry.siriusxm.ca\/fr\/morgan-klaiber\/\" target=\"_blank\">\n\t\t\t\t\t\t<span class=\"elementor-screen-only\">Facebook<\/span>\n\t\t\t\t\t\t<i aria-hidden=\"true\" class=\"fab fa-facebook\"><\/i>\t\t\t\t\t<\/a>\n\t\t\t\t<\/span>\n\t\t\t\t\t\t\t<span class=\"elementor-grid-item\" role=\"listitem\">\n\t\t\t\t\t<a class=\"elementor-icon elementor-social-icon elementor-social-icon-twitter elementor-repeater-item-85017e6\" href=\"https:\/\/twitter.com\/intent\/tweet?url=https%3A%2F%2Ftopcountry.siriusxm.ca%2Ffr%2Fmorgan-klaiber&#038;text=Decouvrez-en%20davantage%20a%20propos%20de%20Morgan%20Klaiber%20du%20concours%20Top%20of%20the%20Country%20de%20SiriusXM.&#038;hashtags=topofthecountry\" target=\"_blank\">\n\t\t\t\t\t\t<span class=\"elementor-screen-only\">Twitter<\/span>\n\t\t\t\t\t\t<i aria-hidden=\"true\" class=\"fab fa-twitter\"><\/i>\t\t\t\t\t<\/a>\n\t\t\t\t<\/span>\n\t\t\t\t\t<\/div>\n\t\t\t\t\t\t<\/div>\n\t\t\t\t<\/div>\n\t\t\t\t<\/div>\n\t\t\t\t<\/div>\n\t\t<div class=\"elementor-element elementor-element-582bfba e-con-full e-flex elementor-invisible e-con e-child\" data-id=\"582bfba\" data-element_type=\"container\" data-e-type=\"container\" data-settings=\"{&quot;animation_delay&quot;:400,&quot;animation&quot;:&quot;fadeIn&quot;}\">\n\t\t<div class=\"elementor-element elementor-element-8d2d709 e-con-full e-flex e-con e-child\" data-id=\"8d2d709\" data-element_type=\"container\" data-e-type=\"container\">\n\t\t\t\t<div class=\"elementor-element elementor-element-eaf8186 elementor-widget elementor-widget-image\" data-id=\"eaf8186\" data-element_type=\"widget\" data-e-type=\"widget\" data-widget_type=\"image.default\">\n\t\t\t\t<div class=\"elementor-widget-container\">\n\t\t\t\t\t\t\t\t\t\t\t\t\t\t\t\t<a href=\"\/fr\/shawnee-kish\/\">\n\t\t\t\t\t\t\t<img decoding=\"async\" width=\"70\" height=\"70\" src=\"https:\/\/topcountry.siriusxm.ca\/wp-content\/uploads\/2023\/02\/Left-Arrow.png\" class=\"elementor-animation-grow attachment-full size-full wp-image-1678\" alt=\"\" \/>\t\t\t\t\t\t\t\t<\/a>\n\t\t\t\t\t\t\t\t\t\t\t\t\t\t\t<\/div>\n\t\t\t\t<\/div>\n\t\t\t\t<\/div>\n\t\t<div class=\"elementor-element elementor-element-5081bde e-con-full e-flex e-con e-child\" data-id=\"5081bde\" data-element_type=\"container\" data-e-type=\"container\">\n\t\t\t\t<div class=\"elementor-element elementor-element-14260af elementor-widget elementor-widget-image\" data-id=\"14260af\" data-element_type=\"widget\" data-e-type=\"widget\" data-widget_type=\"image.default\">\n\t\t\t\t<div class=\"elementor-widget-container\">\n\t\t\t\t\t\t\t\t\t\t\t\t\t\t\t\t<a href=\"\/fr\/nicolette-and-the-nobodies\/\">\n\t\t\t\t\t\t\t<img loading=\"lazy\" decoding=\"async\" width=\"70\" height=\"70\" src=\"https:\/\/topcountry.siriusxm.ca\/wp-content\/uploads\/2023\/02\/Right-Arrow.png\" class=\"elementor-animation-grow attachment-full size-full wp-image-1680\" alt=\"\" \/>\t\t\t\t\t\t\t\t<\/a>\n\t\t\t\t\t\t\t\t\t\t\t\t\t\t\t<\/div>\n\t\t\t\t<\/div>\n\t\t\t\t<\/div>\n\t\t\t\t<\/div>\n\t\t\t\t\t<\/div>\n\t\t\t\t<\/section>\n\t\t\t\t<\/div>\n\t\t","protected":false},"excerpt":{"rendered":"<p>Morgan Klaiber La musique de Morgan Klaiber incarne l\u2019esprit intemporel de l\u2019Ouest. \u00c9lev\u00e9e dans un ranch des Prairies pr\u00e8s de Medicine Hat, en Alberta, Morgan a remport\u00e9 en 2025 le prestigieux prix de l\u2019Album de l\u2019ann\u00e9e aux Country Music Alberta Awards pour son premier album, Hardgrass Country. Sa voix \u00e0 la fois raffin\u00e9e et authentique, &hellip; <a href=\"https:\/\/topcountry.siriusxm.ca\/fr\/morgan-klaiber\/\">Continued<\/a><\/p>\n","protected":false},"author":2,"featured_media":3824,"parent":0,"menu_order":0,"comment_status":"closed","ping_status":"closed","template":"","meta":{"_acf_changed":false,"footnotes":""},"class_list":["post-6329","page","type-page","status-publish","has-post-thumbnail","hentry"],"acf":[],"yoast_head":"<!-- This site is optimized with the Yoast SEO plugin v27.2 - https:\/\/yoast.com\/product\/yoast-seo-wordpress\/ -->\n<title>Top of the Country de SiriusXM | Morgan Klaiber<\/title>\n<meta name=\"description\" content=\"D\u00e9couvrez-en davantage \u00e0 propos de Morgan Klaiber du concours Top of the Country de SiriusXM.\" \/>\n<meta name=\"robots\" content=\"index, follow, max-snippet:-1, max-image-preview:large, max-video-preview:-1\" \/>\n<link rel=\"canonical\" href=\"https:\/\/topcountry.siriusxm.ca\/fr\/morgan-klaiber\/\" \/>\n<meta property=\"og:locale\" content=\"fr_FR\" \/>\n<meta property=\"og:type\" content=\"article\" \/>\n<meta property=\"og:title\" content=\"Top of the Country de SiriusXM | Morgan Klaiber\" \/>\n<meta property=\"og:description\" content=\"D\u00e9couvrez-en davantage \u00e0 propos de Morgan Klaiber du concours Top of the Country de SiriusXM.\" \/>\n<meta property=\"og:url\" content=\"https:\/\/topcountry.siriusxm.ca\/fr\/morgan-klaiber\/\" \/>\n<meta property=\"og:site_name\" content=\"SiriusXM Top Country\" \/>\n<meta property=\"article:modified_time\" content=\"2026-03-28T04:30:36+00:00\" \/>\n<meta property=\"og:image\" content=\"https:\/\/topcountry.siriusxm.ca\/wp-content\/uploads\/2023\/10\/TOTC-2023-FR-Facebook.jpg\" \/>\n\t<meta property=\"og:image:width\" content=\"1200\" \/>\n\t<meta property=\"og:image:height\" content=\"630\" \/>\n\t<meta property=\"og:image:type\" content=\"image\/jpeg\" \/>\n<meta name=\"twitter:card\" content=\"summary_large_image\" \/>\n<meta name=\"twitter:label1\" content=\"Dur\u00e9e de lecture estim\u00e9e\" \/>\n\t<meta name=\"twitter:data1\" content=\"2 minutes\" \/>\n<script type=\"application\/ld+json\" class=\"yoast-schema-graph\">{\"@context\":\"https:\/\/schema.org\",\"@graph\":[{\"@type\":\"WebPage\",\"@id\":\"https:\/\/topcountry.siriusxm.ca\/fr\/morgan-klaiber\/\",\"url\":\"https:\/\/topcountry.siriusxm.ca\/fr\/morgan-klaiber\/\",\"name\":\"Top of the Country de SiriusXM | Morgan Klaiber\",\"isPartOf\":{\"@id\":\"https:\/\/topcountry.siriusxm.ca\/fr\/#website\"},\"primaryImageOfPage\":{\"@id\":\"https:\/\/topcountry.siriusxm.ca\/fr\/morgan-klaiber\/#primaryimage\"},\"image\":{\"@id\":\"https:\/\/topcountry.siriusxm.ca\/fr\/morgan-klaiber\/#primaryimage\"},\"thumbnailUrl\":\"https:\/\/topcountry.siriusxm.ca\/wp-content\/uploads\/2023\/10\/TOTC-2023-FR-Facebook.jpg\",\"datePublished\":\"2026-02-05T05:00:03+00:00\",\"dateModified\":\"2026-03-28T04:30:36+00:00\",\"description\":\"D\u00e9couvrez-en davantage \u00e0 propos de Morgan Klaiber du concours Top of the Country de SiriusXM.\",\"breadcrumb\":{\"@id\":\"https:\/\/topcountry.siriusxm.ca\/fr\/morgan-klaiber\/#breadcrumb\"},\"inLanguage\":\"fr-FR\",\"potentialAction\":[{\"@type\":\"ReadAction\",\"target\":[\"https:\/\/topcountry.siriusxm.ca\/fr\/morgan-klaiber\/\"]}]},{\"@type\":\"ImageObject\",\"inLanguage\":\"fr-FR\",\"@id\":\"https:\/\/topcountry.siriusxm.ca\/fr\/morgan-klaiber\/#primaryimage\",\"url\":\"https:\/\/topcountry.siriusxm.ca\/wp-content\/uploads\/2023\/10\/TOTC-2023-FR-Facebook.jpg\",\"contentUrl\":\"https:\/\/topcountry.siriusxm.ca\/wp-content\/uploads\/2023\/10\/TOTC-2023-FR-Facebook.jpg\",\"width\":1200,\"height\":630},{\"@type\":\"BreadcrumbList\",\"@id\":\"https:\/\/topcountry.siriusxm.ca\/fr\/morgan-klaiber\/#breadcrumb\",\"itemListElement\":[{\"@type\":\"ListItem\",\"position\":1,\"name\":\"Home\",\"item\":\"https:\/\/topcountry.siriusxm.ca\/fr\/\"},{\"@type\":\"ListItem\",\"position\":2,\"name\":\"Artist \/\/ Morgan Klaiber (French)\"}]},{\"@type\":\"WebSite\",\"@id\":\"https:\/\/topcountry.siriusxm.ca\/fr\/#website\",\"url\":\"https:\/\/topcountry.siriusxm.ca\/fr\/\",\"name\":\"SiriusXM Top Country\",\"description\":\"\",\"potentialAction\":[{\"@type\":\"SearchAction\",\"target\":{\"@type\":\"EntryPoint\",\"urlTemplate\":\"https:\/\/topcountry.siriusxm.ca\/fr\/?s={search_term_string}\"},\"query-input\":{\"@type\":\"PropertyValueSpecification\",\"valueRequired\":true,\"valueName\":\"search_term_string\"}}],\"inLanguage\":\"fr-FR\"}]}<\/script>\n<!-- \/ Yoast SEO plugin. -->","yoast_head_json":{"title":"Top of the Country de SiriusXM | Morgan Klaiber","description":"D\u00e9couvrez-en davantage \u00e0 propos de Morgan Klaiber du concours Top of the Country de SiriusXM.","robots":{"index":"index","follow":"follow","max-snippet":"max-snippet:-1","max-image-preview":"max-image-preview:large","max-video-preview":"max-video-preview:-1"},"canonical":"https:\/\/topcountry.siriusxm.ca\/fr\/morgan-klaiber\/","og_locale":"fr_FR","og_type":"article","og_title":"Top of the Country de SiriusXM | Morgan Klaiber","og_description":"D\u00e9couvrez-en davantage \u00e0 propos de Morgan Klaiber du concours Top of the Country de SiriusXM.","og_url":"https:\/\/topcountry.siriusxm.ca\/fr\/morgan-klaiber\/","og_site_name":"SiriusXM Top Country","article_modified_time":"2026-03-28T04:30:36+00:00","og_image":[{"width":1200,"height":630,"url":"https:\/\/topcountry.siriusxm.ca\/wp-content\/uploads\/2023\/10\/TOTC-2023-FR-Facebook.jpg","type":"image\/jpeg"}],"twitter_card":"summary_large_image","twitter_misc":{"Dur\u00e9e de lecture estim\u00e9e":"2 minutes"},"schema":{"@context":"https:\/\/schema.org","@graph":[{"@type":"WebPage","@id":"https:\/\/topcountry.siriusxm.ca\/fr\/morgan-klaiber\/","url":"https:\/\/topcountry.siriusxm.ca\/fr\/morgan-klaiber\/","name":"Top of the Country de SiriusXM | Morgan Klaiber","isPartOf":{"@id":"https:\/\/topcountry.siriusxm.ca\/fr\/#website"},"primaryImageOfPage":{"@id":"https:\/\/topcountry.siriusxm.ca\/fr\/morgan-klaiber\/#primaryimage"},"image":{"@id":"https:\/\/topcountry.siriusxm.ca\/fr\/morgan-klaiber\/#primaryimage"},"thumbnailUrl":"https:\/\/topcountry.siriusxm.ca\/wp-content\/uploads\/2023\/10\/TOTC-2023-FR-Facebook.jpg","datePublished":"2026-02-05T05:00:03+00:00","dateModified":"2026-03-28T04:30:36+00:00","description":"D\u00e9couvrez-en davantage \u00e0 propos de Morgan Klaiber du concours Top of the Country de SiriusXM.","breadcrumb":{"@id":"https:\/\/topcountry.siriusxm.ca\/fr\/morgan-klaiber\/#breadcrumb"},"inLanguage":"fr-FR","potentialAction":[{"@type":"ReadAction","target":["https:\/\/topcountry.siriusxm.ca\/fr\/morgan-klaiber\/"]}]},{"@type":"ImageObject","inLanguage":"fr-FR","@id":"https:\/\/topcountry.siriusxm.ca\/fr\/morgan-klaiber\/#primaryimage","url":"https:\/\/topcountry.siriusxm.ca\/wp-content\/uploads\/2023\/10\/TOTC-2023-FR-Facebook.jpg","contentUrl":"https:\/\/topcountry.siriusxm.ca\/wp-content\/uploads\/2023\/10\/TOTC-2023-FR-Facebook.jpg","width":1200,"height":630},{"@type":"BreadcrumbList","@id":"https:\/\/topcountry.siriusxm.ca\/fr\/morgan-klaiber\/#breadcrumb","itemListElement":[{"@type":"ListItem","position":1,"name":"Home","item":"https:\/\/topcountry.siriusxm.ca\/fr\/"},{"@type":"ListItem","position":2,"name":"Artist \/\/ Morgan Klaiber (French)"}]},{"@type":"WebSite","@id":"https:\/\/topcountry.siriusxm.ca\/fr\/#website","url":"https:\/\/topcountry.siriusxm.ca\/fr\/","name":"SiriusXM Top Country","description":"","potentialAction":[{"@type":"SearchAction","target":{"@type":"EntryPoint","urlTemplate":"https:\/\/topcountry.siriusxm.ca\/fr\/?s={search_term_string}"},"query-input":{"@type":"PropertyValueSpecification","valueRequired":true,"valueName":"search_term_string"}}],"inLanguage":"fr-FR"}]}},"_links":{"self":[{"href":"https:\/\/topcountry.siriusxm.ca\/fr\/wp-json\/wp\/v2\/pages\/6329","targetHints":{"allow":["GET"]}}],"collection":[{"href":"https:\/\/topcountry.siriusxm.ca\/fr\/wp-json\/wp\/v2\/pages"}],"about":[{"href":"https:\/\/topcountry.siriusxm.ca\/fr\/wp-json\/wp\/v2\/types\/page"}],"author":[{"embeddable":true,"href":"https:\/\/topcountry.siriusxm.ca\/fr\/wp-json\/wp\/v2\/users\/2"}],"replies":[{"embeddable":true,"href":"https:\/\/topcountry.siriusxm.ca\/fr\/wp-json\/wp\/v2\/comments?post=6329"}],"version-history":[{"count":48,"href":"https:\/\/topcountry.siriusxm.ca\/fr\/wp-json\/wp\/v2\/pages\/6329\/revisions"}],"predecessor-version":[{"id":8222,"href":"https:\/\/topcountry.siriusxm.ca\/fr\/wp-json\/wp\/v2\/pages\/6329\/revisions\/8222"}],"wp:featuredmedia":[{"embeddable":true,"href":"https:\/\/topcountry.siriusxm.ca\/fr\/wp-json\/wp\/v2\/media\/3824"}],"wp:attachment":[{"href":"https:\/\/topcountry.siriusxm.ca\/fr\/wp-json\/wp\/v2\/media?parent=6329"}],"curies":[{"name":"wp","href":"https:\/\/api.w.org\/{rel}","templated":true}]}}