{"id":6384,"date":"2026-02-05T00:00:02","date_gmt":"2026-02-05T05:00:02","guid":{"rendered":"https:\/\/topcountry.siriusxm.ca\/alison-daniels\/"},"modified":"2026-02-18T08:19:25","modified_gmt":"2026-02-18T13:19:25","slug":"ben-chase","status":"publish","type":"page","link":"https:\/\/topcountry.siriusxm.ca\/fr\/ben-chase\/","title":{"rendered":"Artist \/\/ Ben Chase (French)"},"content":{"rendered":"\t\t<div data-elementor-type=\"wp-page\" data-elementor-id=\"6384\" class=\"elementor elementor-6384 elementor-6359\" data-elementor-post-type=\"page\">\n\t\t\t\t<section class=\"elementor-element elementor-element-967f59a e-flex e-con-boxed e-con e-parent\" data-id=\"967f59a\" data-element_type=\"container\" data-e-type=\"container\" data-settings=\"{&quot;background_background&quot;:&quot;classic&quot;}\">\n\t\t\t\t\t<div class=\"e-con-inner\">\n\t\t<div class=\"elementor-element elementor-element-0e3ea4a e-flex e-con-boxed elementor-invisible e-con e-child\" data-id=\"0e3ea4a\" data-element_type=\"container\" data-e-type=\"container\" data-settings=\"{&quot;animation&quot;:&quot;fadeIn&quot;,&quot;animation_delay&quot;:300}\">\n\t\t\t\t\t<div class=\"e-con-inner\">\n\t\t\t\t<div class=\"elementor-element elementor-element-7f9a55f elementor-widget elementor-widget-image\" data-id=\"7f9a55f\" data-element_type=\"widget\" data-e-type=\"widget\" data-widget_type=\"image.default\">\n\t\t\t\t<div class=\"elementor-widget-container\">\n\t\t\t\t\t\t\t\t\t\t\t\t\t\t\t\t<a href=\"\/fr\/#Accueil\">\n\t\t\t\t\t\t\t<img fetchpriority=\"high\" decoding=\"async\" width=\"480\" height=\"209\" src=\"https:\/\/topcountry.siriusxm.ca\/wp-content\/uploads\/2023\/10\/TOTC-2023-Dark.png\" class=\"attachment-full size-full wp-image-3857\" alt=\"Top of the Country de SiriusXM\" srcset=\"https:\/\/topcountry.siriusxm.ca\/wp-content\/uploads\/2023\/10\/TOTC-2023-Dark.png 480w, https:\/\/topcountry.siriusxm.ca\/wp-content\/uploads\/2023\/10\/TOTC-2023-Dark-300x131.png 300w\" sizes=\"(max-width: 480px) 100vw, 480px\" \/>\t\t\t\t\t\t\t\t<\/a>\n\t\t\t\t\t\t\t\t\t\t\t\t\t\t\t<\/div>\n\t\t\t\t<\/div>\n\t\t\t\t\t<\/div>\n\t\t\t\t<\/div>\n\t\t<div class=\"elementor-element elementor-element-3ee1186 e-con-full e-flex elementor-invisible e-con e-child\" data-id=\"3ee1186\" data-element_type=\"container\" data-e-type=\"container\" data-settings=\"{&quot;animation_delay&quot;:400,&quot;animation&quot;:&quot;fadeIn&quot;}\">\n\t\t<div class=\"elementor-element elementor-element-56fa7cc e-con-full e-flex e-con e-child\" data-id=\"56fa7cc\" data-element_type=\"container\" data-e-type=\"container\">\n\t\t\t\t<div class=\"elementor-element elementor-element-f2ebe16 no-before elementor-widget elementor-widget-image\" data-id=\"f2ebe16\" data-element_type=\"widget\" data-e-type=\"widget\" data-widget_type=\"image.default\">\n\t\t\t\t<div class=\"elementor-widget-container\">\n\t\t\t\t\t\t\t\t\t\t\t\t\t\t\t<img decoding=\"async\" width=\"500\" height=\"500\" src=\"https:\/\/topcountry.siriusxm.ca\/wp-content\/uploads\/2026\/02\/Ben-Chase.jpg\" class=\"attachment-full size-full wp-image-7990\" alt=\"\" srcset=\"https:\/\/topcountry.siriusxm.ca\/wp-content\/uploads\/2026\/02\/Ben-Chase.jpg 500w, https:\/\/topcountry.siriusxm.ca\/wp-content\/uploads\/2026\/02\/Ben-Chase-300x300.jpg 300w, https:\/\/topcountry.siriusxm.ca\/wp-content\/uploads\/2026\/02\/Ben-Chase-150x150.jpg 150w\" sizes=\"(max-width: 500px) 100vw, 500px\" \/>\t\t\t\t\t\t\t\t\t\t\t\t\t\t\t<\/div>\n\t\t\t\t<\/div>\n\t\t\t\t<\/div>\n\t\t<div class=\"elementor-element elementor-element-e0a1eeb e-con-full e-flex e-con e-child\" data-id=\"e0a1eeb\" data-element_type=\"container\" data-e-type=\"container\">\n\t\t\t\t<div class=\"elementor-element elementor-element-60ef7ea elementor-widget elementor-widget-heading\" data-id=\"60ef7ea\" data-element_type=\"widget\" data-e-type=\"widget\" data-widget_type=\"heading.default\">\n\t\t\t\t<div class=\"elementor-widget-container\">\n\t\t\t\t\t<h2 class=\"elementor-heading-title elementor-size-default\">Ben Chase<\/h2>\t\t\t\t<\/div>\n\t\t\t\t<\/div>\n\t\t\t\t<div class=\"elementor-element elementor-element-be62b10 elementor-widget__width-initial link-blue-underline elementor-widget elementor-widget-text-editor\" data-id=\"be62b10\" data-element_type=\"widget\" data-e-type=\"widget\" data-widget_type=\"text-editor.default\">\n\t\t\t\t<div class=\"elementor-widget-container\">\n\t\t\t\t\t\t\t\t\t<p>Originaire de l\u2019\u00cele-du-Prince-\u00c9douard et aujourd\u2019hui \u00e9tabli \u00e0 Nashville, Ben Chase allie le style <em>honky-tonk<\/em> \u00e0 ses influences c\u00f4ti\u00e8res. Avec plus de 8 millions d\u2019\u00e9coutes en continu \u00e0 l\u2019\u00e9chelle mondiale et de plusieurs simples en t\u00eate du palmar\u00e8s country d\u2019iTunes au Canada, il a acquis une forte notori\u00e9t\u00e9 des deux c\u00f4t\u00e9s de la fronti\u00e8re.<\/p><p>Ses sorties b\u00e9n\u00e9ficient d\u2019un soutien \u00e9ditorial constant de la part de Spotify, Apple Music et Amazon Music, et fait l\u2019objet de reportages par CMT et Top of the Country de SiriusXM. Artiste de sc\u00e8ne aguerri, Ben s\u2019est produit dans de grands festivals, dont WE Fest, le Stampede de Calgary et le <em>Cavendish Beach Music Festival<\/em>, et a assur\u00e9 les premi\u00e8res parties d\u2019artistes comme Dan + Shay, Zach Bryan et Scotty McCreery. Que ce soit sur la sc\u00e8ne d\u2019un festival ou dans un bar <em>honky-tonk<\/em> au centre-ville, il propose une musique country port\u00e9e par l\u2019\u00e9motion, l\u2019\u00e9nergie et le savoir-faire.<\/p><p>D\u00e9couvrez Ben sur\u00a0<a href=\"https:\/\/www.facebook.com\/BenChaseMusic\/\" target=\"_blank\" rel=\"noopener\">Facebook<\/a>, <a href=\"https:\/\/www.instagram.com\/thebenchase\/\" target=\"_blank\" rel=\"noopener\">Instagram<\/a>, <a href=\"https:\/\/www.tiktok.com\/@thebenchase?lang=en\" target=\"_blank\" rel=\"noopener\">TikTok <\/a>et sure <a href=\"https:\/\/benchasemusic.com\/home\" target=\"_blank\" rel=\"noopener\">site web<\/a>.<\/p>\t\t\t\t\t\t\t\t<\/div>\n\t\t\t\t<\/div>\n\t\t\t\t<div class=\"elementor-element elementor-element-b207024 elementor-widget elementor-widget-heading\" data-id=\"b207024\" data-element_type=\"widget\" data-e-type=\"widget\" data-widget_type=\"heading.default\">\n\t\t\t\t<div class=\"elementor-widget-container\">\n\t\t\t\t\t<h3 class=\"elementor-heading-title elementor-size-default\">Partager<\/h3>\t\t\t\t<\/div>\n\t\t\t\t<\/div>\n\t\t\t\t<div class=\"elementor-element elementor-element-c9d0ff4 elementor-widget__width-initial elementor-widget elementor-widget-text-editor\" data-id=\"c9d0ff4\" data-element_type=\"widget\" data-e-type=\"widget\" data-widget_type=\"text-editor.default\">\n\t\t\t\t<div class=\"elementor-widget-container\">\n\t\t\t\t\t\t\t\t\t<p>\u2014<\/p>\t\t\t\t\t\t\t\t<\/div>\n\t\t\t\t<\/div>\n\t\t\t\t<div class=\"elementor-element elementor-element-deee577 elementor-shape-circle elementor-grid-2 e-grid-align-left elementor-widget elementor-widget-social-icons\" data-id=\"deee577\" data-element_type=\"widget\" data-e-type=\"widget\" data-widget_type=\"social-icons.default\">\n\t\t\t\t<div class=\"elementor-widget-container\">\n\t\t\t\t\t\t\t<div class=\"elementor-social-icons-wrapper elementor-grid\" role=\"list\">\n\t\t\t\t\t\t\t<span class=\"elementor-grid-item\" role=\"listitem\">\n\t\t\t\t\t<a class=\"elementor-icon elementor-social-icon elementor-social-icon-facebook elementor-repeater-item-89b26eb\" href=\"https:\/\/www.facebook.com\/sharer\/sharer.php?u=https:\/\/topcountry.siriusxm.ca\/fr\/ben-chase\/\" target=\"_blank\">\n\t\t\t\t\t\t<span class=\"elementor-screen-only\">Facebook<\/span>\n\t\t\t\t\t\t<i aria-hidden=\"true\" class=\"fab fa-facebook\"><\/i>\t\t\t\t\t<\/a>\n\t\t\t\t<\/span>\n\t\t\t\t\t\t\t<span class=\"elementor-grid-item\" role=\"listitem\">\n\t\t\t\t\t<a class=\"elementor-icon elementor-social-icon elementor-social-icon-twitter elementor-repeater-item-85017e6\" href=\"https:\/\/twitter.com\/intent\/tweet?url=https%3A%2F%2Ftopcountry.siriusxm.ca%2Ffr%2Fben-chase&#038;text=Decouvrez-en%20davantage%20a%20propos%20de%20Ben%20Chase%20du%20concours%20Top%20of%20the%20Country%20de%20SiriusXM.&#038;hashtags=topofthecountry\" target=\"_blank\">\n\t\t\t\t\t\t<span class=\"elementor-screen-only\">Twitter<\/span>\n\t\t\t\t\t\t<i aria-hidden=\"true\" class=\"fab fa-twitter\"><\/i>\t\t\t\t\t<\/a>\n\t\t\t\t<\/span>\n\t\t\t\t\t<\/div>\n\t\t\t\t\t\t<\/div>\n\t\t\t\t<\/div>\n\t\t\t\t<\/div>\n\t\t\t\t<\/div>\n\t\t<div class=\"elementor-element elementor-element-5b7c709 e-con-full e-flex elementor-invisible e-con e-child\" data-id=\"5b7c709\" data-element_type=\"container\" data-e-type=\"container\" data-settings=\"{&quot;animation_delay&quot;:400,&quot;animation&quot;:&quot;fadeIn&quot;}\">\n\t\t<div class=\"elementor-element elementor-element-64aca7a e-con-full e-flex e-con e-child\" data-id=\"64aca7a\" data-element_type=\"container\" data-e-type=\"container\">\n\t\t\t\t<div class=\"elementor-element elementor-element-3f038ca elementor-widget elementor-widget-image\" data-id=\"3f038ca\" data-element_type=\"widget\" data-e-type=\"widget\" data-widget_type=\"image.default\">\n\t\t\t\t<div class=\"elementor-widget-container\">\n\t\t\t\t\t\t\t\t\t\t\t\t\t\t\t\t<a href=\"\/fr\/blue-ridge-band\/\">\n\t\t\t\t\t\t\t<img decoding=\"async\" width=\"70\" height=\"70\" src=\"https:\/\/topcountry.siriusxm.ca\/wp-content\/uploads\/2023\/02\/Left-Arrow.png\" class=\"elementor-animation-grow attachment-full size-full wp-image-1678\" alt=\"\" \/>\t\t\t\t\t\t\t\t<\/a>\n\t\t\t\t\t\t\t\t\t\t\t\t\t\t\t<\/div>\n\t\t\t\t<\/div>\n\t\t\t\t<\/div>\n\t\t<div class=\"elementor-element elementor-element-b356a57 e-con-full e-flex e-con e-child\" data-id=\"b356a57\" data-element_type=\"container\" data-e-type=\"container\">\n\t\t\t\t<div class=\"elementor-element elementor-element-aded8c9 elementor-widget elementor-widget-image\" data-id=\"aded8c9\" data-element_type=\"widget\" data-e-type=\"widget\" data-widget_type=\"image.default\">\n\t\t\t\t<div class=\"elementor-widget-container\">\n\t\t\t\t\t\t\t\t\t\t\t\t\t\t\t\t<a href=\"\/fr\/morgan-griffiths\/\">\n\t\t\t\t\t\t\t<img loading=\"lazy\" decoding=\"async\" width=\"70\" height=\"70\" src=\"https:\/\/topcountry.siriusxm.ca\/wp-content\/uploads\/2023\/02\/Right-Arrow.png\" class=\"elementor-animation-grow attachment-full size-full wp-image-1680\" alt=\"\" \/>\t\t\t\t\t\t\t\t<\/a>\n\t\t\t\t\t\t\t\t\t\t\t\t\t\t\t<\/div>\n\t\t\t\t<\/div>\n\t\t\t\t<\/div>\n\t\t\t\t<\/div>\n\t\t\t\t\t<\/div>\n\t\t\t\t<\/section>\n\t\t\t\t<\/div>\n\t\t","protected":false},"excerpt":{"rendered":"<p>Ben Chase Originaire de l\u2019\u00cele-du-Prince-\u00c9douard et aujourd\u2019hui \u00e9tabli \u00e0 Nashville, Ben Chase allie le style honky-tonk \u00e0 ses influences c\u00f4ti\u00e8res. Avec plus de 8 millions d\u2019\u00e9coutes en continu \u00e0 l\u2019\u00e9chelle mondiale et de plusieurs simples en t\u00eate du palmar\u00e8s country d\u2019iTunes au Canada, il a acquis une forte notori\u00e9t\u00e9 des deux c\u00f4t\u00e9s de la fronti\u00e8re. &hellip; <a href=\"https:\/\/topcountry.siriusxm.ca\/fr\/ben-chase\/\">Continued<\/a><\/p>\n","protected":false},"author":2,"featured_media":3824,"parent":0,"menu_order":0,"comment_status":"closed","ping_status":"closed","template":"","meta":{"_acf_changed":false,"footnotes":""},"class_list":["post-6384","page","type-page","status-publish","has-post-thumbnail","hentry"],"acf":[],"yoast_head":"<!-- This site is optimized with the Yoast SEO plugin v27.2 - https:\/\/yoast.com\/product\/yoast-seo-wordpress\/ -->\n<title>Top of the Country de SiriusXM | Ben Chase<\/title>\n<meta name=\"description\" content=\"D\u00e9couvrez-en davantage \u00e0 propos de Ben Chase du concours Top of the Country de SiriusXM.\" \/>\n<meta name=\"robots\" content=\"index, follow, max-snippet:-1, max-image-preview:large, max-video-preview:-1\" \/>\n<link rel=\"canonical\" href=\"https:\/\/topcountry.siriusxm.ca\/fr\/ben-chase\/\" \/>\n<meta property=\"og:locale\" content=\"fr_FR\" \/>\n<meta property=\"og:type\" content=\"article\" \/>\n<meta property=\"og:title\" content=\"Top of the Country de SiriusXM | Ben Chase\" \/>\n<meta property=\"og:description\" content=\"D\u00e9couvrez-en davantage \u00e0 propos de Ben Chase du concours Top of the Country de SiriusXM.\" \/>\n<meta property=\"og:url\" content=\"https:\/\/topcountry.siriusxm.ca\/fr\/ben-chase\/\" \/>\n<meta property=\"og:site_name\" content=\"SiriusXM Top Country\" \/>\n<meta property=\"article:modified_time\" content=\"2026-02-18T13:19:25+00:00\" \/>\n<meta property=\"og:image\" content=\"https:\/\/topcountry.siriusxm.ca\/wp-content\/uploads\/2023\/10\/TOTC-2023-FR-Facebook.jpg\" \/>\n\t<meta property=\"og:image:width\" content=\"1200\" \/>\n\t<meta property=\"og:image:height\" content=\"630\" \/>\n\t<meta property=\"og:image:type\" content=\"image\/jpeg\" \/>\n<meta name=\"twitter:card\" content=\"summary_large_image\" \/>\n<meta name=\"twitter:label1\" content=\"Dur\u00e9e de lecture estim\u00e9e\" \/>\n\t<meta name=\"twitter:data1\" content=\"2 minutes\" \/>\n<script type=\"application\/ld+json\" class=\"yoast-schema-graph\">{\"@context\":\"https:\/\/schema.org\",\"@graph\":[{\"@type\":\"WebPage\",\"@id\":\"https:\/\/topcountry.siriusxm.ca\/fr\/ben-chase\/\",\"url\":\"https:\/\/topcountry.siriusxm.ca\/fr\/ben-chase\/\",\"name\":\"Top of the Country de SiriusXM | Ben Chase\",\"isPartOf\":{\"@id\":\"https:\/\/topcountry.siriusxm.ca\/fr\/#website\"},\"primaryImageOfPage\":{\"@id\":\"https:\/\/topcountry.siriusxm.ca\/fr\/ben-chase\/#primaryimage\"},\"image\":{\"@id\":\"https:\/\/topcountry.siriusxm.ca\/fr\/ben-chase\/#primaryimage\"},\"thumbnailUrl\":\"https:\/\/topcountry.siriusxm.ca\/wp-content\/uploads\/2023\/10\/TOTC-2023-FR-Facebook.jpg\",\"datePublished\":\"2026-02-05T05:00:02+00:00\",\"dateModified\":\"2026-02-18T13:19:25+00:00\",\"description\":\"D\u00e9couvrez-en davantage \u00e0 propos de Ben Chase du concours Top of the Country de SiriusXM.\",\"breadcrumb\":{\"@id\":\"https:\/\/topcountry.siriusxm.ca\/fr\/ben-chase\/#breadcrumb\"},\"inLanguage\":\"fr-FR\",\"potentialAction\":[{\"@type\":\"ReadAction\",\"target\":[\"https:\/\/topcountry.siriusxm.ca\/fr\/ben-chase\/\"]}]},{\"@type\":\"ImageObject\",\"inLanguage\":\"fr-FR\",\"@id\":\"https:\/\/topcountry.siriusxm.ca\/fr\/ben-chase\/#primaryimage\",\"url\":\"https:\/\/topcountry.siriusxm.ca\/wp-content\/uploads\/2023\/10\/TOTC-2023-FR-Facebook.jpg\",\"contentUrl\":\"https:\/\/topcountry.siriusxm.ca\/wp-content\/uploads\/2023\/10\/TOTC-2023-FR-Facebook.jpg\",\"width\":1200,\"height\":630},{\"@type\":\"BreadcrumbList\",\"@id\":\"https:\/\/topcountry.siriusxm.ca\/fr\/ben-chase\/#breadcrumb\",\"itemListElement\":[{\"@type\":\"ListItem\",\"position\":1,\"name\":\"Home\",\"item\":\"https:\/\/topcountry.siriusxm.ca\/fr\/\"},{\"@type\":\"ListItem\",\"position\":2,\"name\":\"Artist \/\/ Ben Chase (French)\"}]},{\"@type\":\"WebSite\",\"@id\":\"https:\/\/topcountry.siriusxm.ca\/fr\/#website\",\"url\":\"https:\/\/topcountry.siriusxm.ca\/fr\/\",\"name\":\"SiriusXM Top Country\",\"description\":\"\",\"potentialAction\":[{\"@type\":\"SearchAction\",\"target\":{\"@type\":\"EntryPoint\",\"urlTemplate\":\"https:\/\/topcountry.siriusxm.ca\/fr\/?s={search_term_string}\"},\"query-input\":{\"@type\":\"PropertyValueSpecification\",\"valueRequired\":true,\"valueName\":\"search_term_string\"}}],\"inLanguage\":\"fr-FR\"}]}<\/script>\n<!-- \/ Yoast SEO plugin. -->","yoast_head_json":{"title":"Top of the Country de SiriusXM | Ben Chase","description":"D\u00e9couvrez-en davantage \u00e0 propos de Ben Chase du concours Top of the Country de SiriusXM.","robots":{"index":"index","follow":"follow","max-snippet":"max-snippet:-1","max-image-preview":"max-image-preview:large","max-video-preview":"max-video-preview:-1"},"canonical":"https:\/\/topcountry.siriusxm.ca\/fr\/ben-chase\/","og_locale":"fr_FR","og_type":"article","og_title":"Top of the Country de SiriusXM | Ben Chase","og_description":"D\u00e9couvrez-en davantage \u00e0 propos de Ben Chase du concours Top of the Country de SiriusXM.","og_url":"https:\/\/topcountry.siriusxm.ca\/fr\/ben-chase\/","og_site_name":"SiriusXM Top Country","article_modified_time":"2026-02-18T13:19:25+00:00","og_image":[{"width":1200,"height":630,"url":"https:\/\/topcountry.siriusxm.ca\/wp-content\/uploads\/2023\/10\/TOTC-2023-FR-Facebook.jpg","type":"image\/jpeg"}],"twitter_card":"summary_large_image","twitter_misc":{"Dur\u00e9e de lecture estim\u00e9e":"2 minutes"},"schema":{"@context":"https:\/\/schema.org","@graph":[{"@type":"WebPage","@id":"https:\/\/topcountry.siriusxm.ca\/fr\/ben-chase\/","url":"https:\/\/topcountry.siriusxm.ca\/fr\/ben-chase\/","name":"Top of the Country de SiriusXM | Ben Chase","isPartOf":{"@id":"https:\/\/topcountry.siriusxm.ca\/fr\/#website"},"primaryImageOfPage":{"@id":"https:\/\/topcountry.siriusxm.ca\/fr\/ben-chase\/#primaryimage"},"image":{"@id":"https:\/\/topcountry.siriusxm.ca\/fr\/ben-chase\/#primaryimage"},"thumbnailUrl":"https:\/\/topcountry.siriusxm.ca\/wp-content\/uploads\/2023\/10\/TOTC-2023-FR-Facebook.jpg","datePublished":"2026-02-05T05:00:02+00:00","dateModified":"2026-02-18T13:19:25+00:00","description":"D\u00e9couvrez-en davantage \u00e0 propos de Ben Chase du concours Top of the Country de SiriusXM.","breadcrumb":{"@id":"https:\/\/topcountry.siriusxm.ca\/fr\/ben-chase\/#breadcrumb"},"inLanguage":"fr-FR","potentialAction":[{"@type":"ReadAction","target":["https:\/\/topcountry.siriusxm.ca\/fr\/ben-chase\/"]}]},{"@type":"ImageObject","inLanguage":"fr-FR","@id":"https:\/\/topcountry.siriusxm.ca\/fr\/ben-chase\/#primaryimage","url":"https:\/\/topcountry.siriusxm.ca\/wp-content\/uploads\/2023\/10\/TOTC-2023-FR-Facebook.jpg","contentUrl":"https:\/\/topcountry.siriusxm.ca\/wp-content\/uploads\/2023\/10\/TOTC-2023-FR-Facebook.jpg","width":1200,"height":630},{"@type":"BreadcrumbList","@id":"https:\/\/topcountry.siriusxm.ca\/fr\/ben-chase\/#breadcrumb","itemListElement":[{"@type":"ListItem","position":1,"name":"Home","item":"https:\/\/topcountry.siriusxm.ca\/fr\/"},{"@type":"ListItem","position":2,"name":"Artist \/\/ Ben Chase (French)"}]},{"@type":"WebSite","@id":"https:\/\/topcountry.siriusxm.ca\/fr\/#website","url":"https:\/\/topcountry.siriusxm.ca\/fr\/","name":"SiriusXM Top Country","description":"","potentialAction":[{"@type":"SearchAction","target":{"@type":"EntryPoint","urlTemplate":"https:\/\/topcountry.siriusxm.ca\/fr\/?s={search_term_string}"},"query-input":{"@type":"PropertyValueSpecification","valueRequired":true,"valueName":"search_term_string"}}],"inLanguage":"fr-FR"}]}},"_links":{"self":[{"href":"https:\/\/topcountry.siriusxm.ca\/fr\/wp-json\/wp\/v2\/pages\/6384","targetHints":{"allow":["GET"]}}],"collection":[{"href":"https:\/\/topcountry.siriusxm.ca\/fr\/wp-json\/wp\/v2\/pages"}],"about":[{"href":"https:\/\/topcountry.siriusxm.ca\/fr\/wp-json\/wp\/v2\/types\/page"}],"author":[{"embeddable":true,"href":"https:\/\/topcountry.siriusxm.ca\/fr\/wp-json\/wp\/v2\/users\/2"}],"replies":[{"embeddable":true,"href":"https:\/\/topcountry.siriusxm.ca\/fr\/wp-json\/wp\/v2\/comments?post=6384"}],"version-history":[{"count":49,"href":"https:\/\/topcountry.siriusxm.ca\/fr\/wp-json\/wp\/v2\/pages\/6384\/revisions"}],"predecessor-version":[{"id":8200,"href":"https:\/\/topcountry.siriusxm.ca\/fr\/wp-json\/wp\/v2\/pages\/6384\/revisions\/8200"}],"wp:featuredmedia":[{"embeddable":true,"href":"https:\/\/topcountry.siriusxm.ca\/fr\/wp-json\/wp\/v2\/media\/3824"}],"wp:attachment":[{"href":"https:\/\/topcountry.siriusxm.ca\/fr\/wp-json\/wp\/v2\/media?parent=6384"}],"curies":[{"name":"wp","href":"https:\/\/api.w.org\/{rel}","templated":true}]}}