{"id":6456,"date":"2026-02-05T00:00:27","date_gmt":"2026-02-05T05:00:27","guid":{"rendered":"https:\/\/topcountry.siriusxm.ca\/braden-lam\/"},"modified":"2026-02-18T08:46:46","modified_gmt":"2026-02-18T13:46:46","slug":"catie-st-germain","status":"publish","type":"page","link":"https:\/\/topcountry.siriusxm.ca\/fr\/catie-st-germain\/","title":{"rendered":"Artist \/\/ Catie St. Germain (French)"},"content":{"rendered":"\t\t<div data-elementor-type=\"wp-page\" data-elementor-id=\"6456\" class=\"elementor elementor-6456 elementor-6445\" data-elementor-post-type=\"page\">\n\t\t\t\t<section class=\"elementor-element elementor-element-dcb9598 e-flex e-con-boxed e-con e-parent\" data-id=\"dcb9598\" data-element_type=\"container\" data-e-type=\"container\" data-settings=\"{&quot;background_background&quot;:&quot;classic&quot;}\">\n\t\t\t\t\t<div class=\"e-con-inner\">\n\t\t<div class=\"elementor-element elementor-element-6a4a71e e-flex e-con-boxed elementor-invisible e-con e-child\" data-id=\"6a4a71e\" data-element_type=\"container\" data-e-type=\"container\" data-settings=\"{&quot;animation&quot;:&quot;fadeIn&quot;,&quot;animation_delay&quot;:300}\">\n\t\t\t\t\t<div class=\"e-con-inner\">\n\t\t\t\t<div class=\"elementor-element elementor-element-716199c elementor-widget elementor-widget-image\" data-id=\"716199c\" data-element_type=\"widget\" data-e-type=\"widget\" data-widget_type=\"image.default\">\n\t\t\t\t<div class=\"elementor-widget-container\">\n\t\t\t\t\t\t\t\t\t\t\t\t\t\t\t\t<a href=\"\/fr\/#Accueil\">\n\t\t\t\t\t\t\t<img fetchpriority=\"high\" decoding=\"async\" width=\"480\" height=\"209\" src=\"https:\/\/topcountry.siriusxm.ca\/wp-content\/uploads\/2023\/10\/TOTC-2023-Dark.png\" class=\"attachment-full size-full wp-image-3857\" alt=\"Top of the Country de SiriusXM\" srcset=\"https:\/\/topcountry.siriusxm.ca\/wp-content\/uploads\/2023\/10\/TOTC-2023-Dark.png 480w, https:\/\/topcountry.siriusxm.ca\/wp-content\/uploads\/2023\/10\/TOTC-2023-Dark-300x131.png 300w\" sizes=\"(max-width: 480px) 100vw, 480px\" \/>\t\t\t\t\t\t\t\t<\/a>\n\t\t\t\t\t\t\t\t\t\t\t\t\t\t\t<\/div>\n\t\t\t\t<\/div>\n\t\t\t\t\t<\/div>\n\t\t\t\t<\/div>\n\t\t<div class=\"elementor-element elementor-element-3983216 e-con-full e-flex elementor-invisible e-con e-child\" data-id=\"3983216\" data-element_type=\"container\" data-e-type=\"container\" data-settings=\"{&quot;animation_delay&quot;:400,&quot;animation&quot;:&quot;fadeIn&quot;}\">\n\t\t<div class=\"elementor-element elementor-element-8068e77 e-con-full e-flex e-con e-child\" data-id=\"8068e77\" data-element_type=\"container\" data-e-type=\"container\">\n\t\t\t\t<div class=\"elementor-element elementor-element-dcd6b4c no-before elementor-widget elementor-widget-image\" data-id=\"dcd6b4c\" data-element_type=\"widget\" data-e-type=\"widget\" data-widget_type=\"image.default\">\n\t\t\t\t<div class=\"elementor-widget-container\">\n\t\t\t\t\t\t\t\t\t\t\t\t\t\t\t<img decoding=\"async\" width=\"500\" height=\"500\" src=\"https:\/\/topcountry.siriusxm.ca\/wp-content\/uploads\/2026\/02\/Catie-St-Germain.jpg\" class=\"attachment-full size-full wp-image-7994\" alt=\"\" srcset=\"https:\/\/topcountry.siriusxm.ca\/wp-content\/uploads\/2026\/02\/Catie-St-Germain.jpg 500w, https:\/\/topcountry.siriusxm.ca\/wp-content\/uploads\/2026\/02\/Catie-St-Germain-300x300.jpg 300w, https:\/\/topcountry.siriusxm.ca\/wp-content\/uploads\/2026\/02\/Catie-St-Germain-150x150.jpg 150w\" sizes=\"(max-width: 500px) 100vw, 500px\" \/>\t\t\t\t\t\t\t\t\t\t\t\t\t\t\t<\/div>\n\t\t\t\t<\/div>\n\t\t\t\t<\/div>\n\t\t<div class=\"elementor-element elementor-element-6e7cfbd e-con-full e-flex e-con e-child\" data-id=\"6e7cfbd\" data-element_type=\"container\" data-e-type=\"container\">\n\t\t\t\t<div class=\"elementor-element elementor-element-2dfbf53 elementor-widget elementor-widget-heading\" data-id=\"2dfbf53\" data-element_type=\"widget\" data-e-type=\"widget\" data-widget_type=\"heading.default\">\n\t\t\t\t<div class=\"elementor-widget-container\">\n\t\t\t\t\t<h2 class=\"elementor-heading-title elementor-size-default\">Catie St.Germain<\/h2>\t\t\t\t<\/div>\n\t\t\t\t<\/div>\n\t\t\t\t<div class=\"elementor-element elementor-element-f2aee21 elementor-widget__width-initial link-blue-underline elementor-widget elementor-widget-text-editor\" data-id=\"f2aee21\" data-element_type=\"widget\" data-e-type=\"widget\" data-widget_type=\"text-editor.default\">\n\t\t\t\t<div class=\"elementor-widget-container\">\n\t\t\t\t\t\t\t\t\t<p>Petite-fille du l\u00e9gendaire chanteur M\u00e9tis Ray St. Germain, Catie St.Germain est une autrice-compositrice-interpr\u00e8te country originaire de Niverville, au Manitoba. C\u00e9l\u00e9br\u00e9e pour sa voix puissante et ses compositions \u00e0 c\u0153ur ouvert, elle a connu un succ\u00e8s fulgurant d\u00e8s ses d\u00e9buts en 2023, remportant sept prix MCMA, dont celui de \u00ab l&rsquo;artiste \u00e9mergent de l\u2019ann\u00e9e \u00bb. Son premier microalbum, paru en 2024, a fait sensation \u00e0 la radio et lui a permis de jouer en premi\u00e8re partie du James Barker Band et des Hunter Brothers. Elle a \u00e9galement interpr\u00e9t\u00e9 l\u2019hymne national lors de la 112e \u00e9dition de la Coupe Grey.<\/p><p>D\u00e9couvrez Catie sur <a href=\"https:\/\/www.facebook.com\/CatieStGermainBand\" target=\"_blank\" rel=\"noopener\">Facebook<\/a>, <a href=\"https:\/\/www.instagram.com\/catiestgermain\" target=\"_blank\" rel=\"noopener\">Instagram<\/a>, <a href=\"https:\/\/www.youtube.com\/@catiestg\" target=\"_blank\" rel=\"noopener\">YouTube<\/a> et son <a href=\"https:\/\/www.catiestgermain.com\/\" target=\"_blank\" rel=\"noopener\">site web<\/a>.<\/p>\t\t\t\t\t\t\t\t<\/div>\n\t\t\t\t<\/div>\n\t\t\t\t<div class=\"elementor-element elementor-element-609b7fb elementor-widget elementor-widget-heading\" data-id=\"609b7fb\" data-element_type=\"widget\" data-e-type=\"widget\" data-widget_type=\"heading.default\">\n\t\t\t\t<div class=\"elementor-widget-container\">\n\t\t\t\t\t<h3 class=\"elementor-heading-title elementor-size-default\">Partager<\/h3>\t\t\t\t<\/div>\n\t\t\t\t<\/div>\n\t\t\t\t<div class=\"elementor-element elementor-element-605e760 elementor-widget__width-initial elementor-widget elementor-widget-text-editor\" data-id=\"605e760\" data-element_type=\"widget\" data-e-type=\"widget\" data-widget_type=\"text-editor.default\">\n\t\t\t\t<div class=\"elementor-widget-container\">\n\t\t\t\t\t\t\t\t\t<p>\u2014<\/p>\t\t\t\t\t\t\t\t<\/div>\n\t\t\t\t<\/div>\n\t\t\t\t<div class=\"elementor-element elementor-element-cec14f0 elementor-shape-circle elementor-grid-2 e-grid-align-left elementor-widget elementor-widget-social-icons\" data-id=\"cec14f0\" data-element_type=\"widget\" data-e-type=\"widget\" data-widget_type=\"social-icons.default\">\n\t\t\t\t<div class=\"elementor-widget-container\">\n\t\t\t\t\t\t\t<div class=\"elementor-social-icons-wrapper elementor-grid\" role=\"list\">\n\t\t\t\t\t\t\t<span class=\"elementor-grid-item\" role=\"listitem\">\n\t\t\t\t\t<a class=\"elementor-icon elementor-social-icon elementor-social-icon-facebook elementor-repeater-item-89b26eb\" href=\"https:\/\/www.facebook.com\/sharer\/sharer.php?u=https:\/\/topcountry.siriusxm.ca\/fr\/catie-st-germain\/\" target=\"_blank\">\n\t\t\t\t\t\t<span class=\"elementor-screen-only\">Facebook<\/span>\n\t\t\t\t\t\t<i aria-hidden=\"true\" class=\"fab fa-facebook\"><\/i>\t\t\t\t\t<\/a>\n\t\t\t\t<\/span>\n\t\t\t\t\t\t\t<span class=\"elementor-grid-item\" role=\"listitem\">\n\t\t\t\t\t<a class=\"elementor-icon elementor-social-icon elementor-social-icon-twitter elementor-repeater-item-85017e6\" href=\"https:\/\/twitter.com\/intent\/tweet?url=https%3A%2F%2Ftopcountry.siriusxm.ca%2Ffr%2Fcatie-st-germain&#038;text=Decouvrez-en%20davantage%20a%20propos%20de%20Catie%20St.Germain%20du%20concours%20Top%20of%20the%20Country%20de%20SiriusXM.&#038;hashtags=topofthecountry\" target=\"_blank\">\n\t\t\t\t\t\t<span class=\"elementor-screen-only\">Twitter<\/span>\n\t\t\t\t\t\t<i aria-hidden=\"true\" class=\"fab fa-twitter\"><\/i>\t\t\t\t\t<\/a>\n\t\t\t\t<\/span>\n\t\t\t\t\t<\/div>\n\t\t\t\t\t\t<\/div>\n\t\t\t\t<\/div>\n\t\t\t\t<\/div>\n\t\t\t\t<\/div>\n\t\t<div class=\"elementor-element elementor-element-9467b4e e-con-full e-flex elementor-invisible e-con e-child\" data-id=\"9467b4e\" data-element_type=\"container\" data-e-type=\"container\" data-settings=\"{&quot;animation_delay&quot;:400,&quot;animation&quot;:&quot;fadeIn&quot;}\">\n\t\t<div class=\"elementor-element elementor-element-066b7e3 e-con-full e-flex e-con e-child\" data-id=\"066b7e3\" data-element_type=\"container\" data-e-type=\"container\">\n\t\t\t\t<div class=\"elementor-element elementor-element-f5a4f30 elementor-widget elementor-widget-image\" data-id=\"f5a4f30\" data-element_type=\"widget\" data-e-type=\"widget\" data-widget_type=\"image.default\">\n\t\t\t\t<div class=\"elementor-widget-container\">\n\t\t\t\t\t\t\t\t\t\t\t\t\t\t\t\t<a href=\"\/fr\/nicolette-and-the-nobodies\/\">\n\t\t\t\t\t\t\t<img decoding=\"async\" width=\"70\" height=\"70\" src=\"https:\/\/topcountry.siriusxm.ca\/wp-content\/uploads\/2023\/02\/Left-Arrow.png\" class=\"elementor-animation-grow attachment-full size-full wp-image-1678\" alt=\"\" \/>\t\t\t\t\t\t\t\t<\/a>\n\t\t\t\t\t\t\t\t\t\t\t\t\t\t\t<\/div>\n\t\t\t\t<\/div>\n\t\t\t\t<\/div>\n\t\t<div class=\"elementor-element elementor-element-5a5bd17 e-con-full e-flex e-con e-child\" data-id=\"5a5bd17\" data-element_type=\"container\" data-e-type=\"container\">\n\t\t\t\t<div class=\"elementor-element elementor-element-5a479e2 elementor-widget elementor-widget-image\" data-id=\"5a479e2\" data-element_type=\"widget\" data-e-type=\"widget\" data-widget_type=\"image.default\">\n\t\t\t\t<div class=\"elementor-widget-container\">\n\t\t\t\t\t\t\t\t\t\t\t\t\t\t\t\t<a href=\"\/fr\/josh-stumpf\/\">\n\t\t\t\t\t\t\t<img loading=\"lazy\" decoding=\"async\" width=\"70\" height=\"70\" src=\"https:\/\/topcountry.siriusxm.ca\/wp-content\/uploads\/2023\/02\/Right-Arrow.png\" class=\"elementor-animation-grow attachment-full size-full wp-image-1680\" alt=\"\" \/>\t\t\t\t\t\t\t\t<\/a>\n\t\t\t\t\t\t\t\t\t\t\t\t\t\t\t<\/div>\n\t\t\t\t<\/div>\n\t\t\t\t<\/div>\n\t\t\t\t<\/div>\n\t\t\t\t\t<\/div>\n\t\t\t\t<\/section>\n\t\t\t\t<\/div>\n\t\t","protected":false},"excerpt":{"rendered":"<p>Catie St.Germain Petite-fille du l\u00e9gendaire chanteur M\u00e9tis Ray St. Germain, Catie St.Germain est une autrice-compositrice-interpr\u00e8te country originaire de Niverville, au Manitoba. C\u00e9l\u00e9br\u00e9e pour sa voix puissante et ses compositions \u00e0 c\u0153ur ouvert, elle a connu un succ\u00e8s fulgurant d\u00e8s ses d\u00e9buts en 2023, remportant sept prix MCMA, dont celui de \u00ab l&rsquo;artiste \u00e9mergent de l\u2019ann\u00e9e &hellip; <a href=\"https:\/\/topcountry.siriusxm.ca\/fr\/catie-st-germain\/\">Continued<\/a><\/p>\n","protected":false},"author":2,"featured_media":3824,"parent":0,"menu_order":0,"comment_status":"closed","ping_status":"closed","template":"","meta":{"_acf_changed":false,"footnotes":""},"class_list":["post-6456","page","type-page","status-publish","has-post-thumbnail","hentry"],"acf":[],"yoast_head":"<!-- This site is optimized with the Yoast SEO plugin v27.2 - https:\/\/yoast.com\/product\/yoast-seo-wordpress\/ -->\n<title>Top of the Country de SiriusXM | Catie St.Germain<\/title>\n<meta name=\"description\" content=\"D\u00e9couvrez-en davantage \u00e0 propos de Catie St.Germain du concours Top of the Country de SiriusXM.\" \/>\n<meta name=\"robots\" content=\"index, follow, max-snippet:-1, max-image-preview:large, max-video-preview:-1\" \/>\n<link rel=\"canonical\" href=\"https:\/\/topcountry.siriusxm.ca\/fr\/catie-st-germain\/\" \/>\n<meta property=\"og:locale\" content=\"fr_FR\" \/>\n<meta property=\"og:type\" content=\"article\" \/>\n<meta property=\"og:title\" content=\"Top of the Country de SiriusXM | Catie St.Germain\" \/>\n<meta property=\"og:description\" content=\"D\u00e9couvrez-en davantage \u00e0 propos de Catie St.Germain du concours Top of the Country de SiriusXM.\" \/>\n<meta property=\"og:url\" content=\"https:\/\/topcountry.siriusxm.ca\/fr\/catie-st-germain\/\" \/>\n<meta property=\"og:site_name\" content=\"SiriusXM Top Country\" \/>\n<meta property=\"article:modified_time\" content=\"2026-02-18T13:46:46+00:00\" \/>\n<meta property=\"og:image\" content=\"https:\/\/topcountry.siriusxm.ca\/wp-content\/uploads\/2023\/10\/TOTC-2023-FR-Facebook.jpg\" \/>\n\t<meta property=\"og:image:width\" content=\"1200\" \/>\n\t<meta property=\"og:image:height\" content=\"630\" \/>\n\t<meta property=\"og:image:type\" content=\"image\/jpeg\" \/>\n<meta name=\"twitter:card\" content=\"summary_large_image\" \/>\n<meta name=\"twitter:label1\" content=\"Dur\u00e9e de lecture estim\u00e9e\" \/>\n\t<meta name=\"twitter:data1\" content=\"2 minutes\" \/>\n<script type=\"application\/ld+json\" class=\"yoast-schema-graph\">{\"@context\":\"https:\/\/schema.org\",\"@graph\":[{\"@type\":\"WebPage\",\"@id\":\"https:\/\/topcountry.siriusxm.ca\/fr\/catie-st-germain\/\",\"url\":\"https:\/\/topcountry.siriusxm.ca\/fr\/catie-st-germain\/\",\"name\":\"Top of the Country de SiriusXM | Catie St.Germain\",\"isPartOf\":{\"@id\":\"https:\/\/topcountry.siriusxm.ca\/fr\/#website\"},\"primaryImageOfPage\":{\"@id\":\"https:\/\/topcountry.siriusxm.ca\/fr\/catie-st-germain\/#primaryimage\"},\"image\":{\"@id\":\"https:\/\/topcountry.siriusxm.ca\/fr\/catie-st-germain\/#primaryimage\"},\"thumbnailUrl\":\"https:\/\/topcountry.siriusxm.ca\/wp-content\/uploads\/2023\/10\/TOTC-2023-FR-Facebook.jpg\",\"datePublished\":\"2026-02-05T05:00:27+00:00\",\"dateModified\":\"2026-02-18T13:46:46+00:00\",\"description\":\"D\u00e9couvrez-en davantage \u00e0 propos de Catie St.Germain du concours Top of the Country de SiriusXM.\",\"breadcrumb\":{\"@id\":\"https:\/\/topcountry.siriusxm.ca\/fr\/catie-st-germain\/#breadcrumb\"},\"inLanguage\":\"fr-FR\",\"potentialAction\":[{\"@type\":\"ReadAction\",\"target\":[\"https:\/\/topcountry.siriusxm.ca\/fr\/catie-st-germain\/\"]}]},{\"@type\":\"ImageObject\",\"inLanguage\":\"fr-FR\",\"@id\":\"https:\/\/topcountry.siriusxm.ca\/fr\/catie-st-germain\/#primaryimage\",\"url\":\"https:\/\/topcountry.siriusxm.ca\/wp-content\/uploads\/2023\/10\/TOTC-2023-FR-Facebook.jpg\",\"contentUrl\":\"https:\/\/topcountry.siriusxm.ca\/wp-content\/uploads\/2023\/10\/TOTC-2023-FR-Facebook.jpg\",\"width\":1200,\"height\":630},{\"@type\":\"BreadcrumbList\",\"@id\":\"https:\/\/topcountry.siriusxm.ca\/fr\/catie-st-germain\/#breadcrumb\",\"itemListElement\":[{\"@type\":\"ListItem\",\"position\":1,\"name\":\"Home\",\"item\":\"https:\/\/topcountry.siriusxm.ca\/fr\/\"},{\"@type\":\"ListItem\",\"position\":2,\"name\":\"Artist \/\/ Catie St. Germain (French)\"}]},{\"@type\":\"WebSite\",\"@id\":\"https:\/\/topcountry.siriusxm.ca\/fr\/#website\",\"url\":\"https:\/\/topcountry.siriusxm.ca\/fr\/\",\"name\":\"SiriusXM Top Country\",\"description\":\"\",\"potentialAction\":[{\"@type\":\"SearchAction\",\"target\":{\"@type\":\"EntryPoint\",\"urlTemplate\":\"https:\/\/topcountry.siriusxm.ca\/fr\/?s={search_term_string}\"},\"query-input\":{\"@type\":\"PropertyValueSpecification\",\"valueRequired\":true,\"valueName\":\"search_term_string\"}}],\"inLanguage\":\"fr-FR\"}]}<\/script>\n<!-- \/ Yoast SEO plugin. -->","yoast_head_json":{"title":"Top of the Country de SiriusXM | Catie St.Germain","description":"D\u00e9couvrez-en davantage \u00e0 propos de Catie St.Germain du concours Top of the Country de SiriusXM.","robots":{"index":"index","follow":"follow","max-snippet":"max-snippet:-1","max-image-preview":"max-image-preview:large","max-video-preview":"max-video-preview:-1"},"canonical":"https:\/\/topcountry.siriusxm.ca\/fr\/catie-st-germain\/","og_locale":"fr_FR","og_type":"article","og_title":"Top of the Country de SiriusXM | Catie St.Germain","og_description":"D\u00e9couvrez-en davantage \u00e0 propos de Catie St.Germain du concours Top of the Country de SiriusXM.","og_url":"https:\/\/topcountry.siriusxm.ca\/fr\/catie-st-germain\/","og_site_name":"SiriusXM Top Country","article_modified_time":"2026-02-18T13:46:46+00:00","og_image":[{"width":1200,"height":630,"url":"https:\/\/topcountry.siriusxm.ca\/wp-content\/uploads\/2023\/10\/TOTC-2023-FR-Facebook.jpg","type":"image\/jpeg"}],"twitter_card":"summary_large_image","twitter_misc":{"Dur\u00e9e de lecture estim\u00e9e":"2 minutes"},"schema":{"@context":"https:\/\/schema.org","@graph":[{"@type":"WebPage","@id":"https:\/\/topcountry.siriusxm.ca\/fr\/catie-st-germain\/","url":"https:\/\/topcountry.siriusxm.ca\/fr\/catie-st-germain\/","name":"Top of the Country de SiriusXM | Catie St.Germain","isPartOf":{"@id":"https:\/\/topcountry.siriusxm.ca\/fr\/#website"},"primaryImageOfPage":{"@id":"https:\/\/topcountry.siriusxm.ca\/fr\/catie-st-germain\/#primaryimage"},"image":{"@id":"https:\/\/topcountry.siriusxm.ca\/fr\/catie-st-germain\/#primaryimage"},"thumbnailUrl":"https:\/\/topcountry.siriusxm.ca\/wp-content\/uploads\/2023\/10\/TOTC-2023-FR-Facebook.jpg","datePublished":"2026-02-05T05:00:27+00:00","dateModified":"2026-02-18T13:46:46+00:00","description":"D\u00e9couvrez-en davantage \u00e0 propos de Catie St.Germain du concours Top of the Country de SiriusXM.","breadcrumb":{"@id":"https:\/\/topcountry.siriusxm.ca\/fr\/catie-st-germain\/#breadcrumb"},"inLanguage":"fr-FR","potentialAction":[{"@type":"ReadAction","target":["https:\/\/topcountry.siriusxm.ca\/fr\/catie-st-germain\/"]}]},{"@type":"ImageObject","inLanguage":"fr-FR","@id":"https:\/\/topcountry.siriusxm.ca\/fr\/catie-st-germain\/#primaryimage","url":"https:\/\/topcountry.siriusxm.ca\/wp-content\/uploads\/2023\/10\/TOTC-2023-FR-Facebook.jpg","contentUrl":"https:\/\/topcountry.siriusxm.ca\/wp-content\/uploads\/2023\/10\/TOTC-2023-FR-Facebook.jpg","width":1200,"height":630},{"@type":"BreadcrumbList","@id":"https:\/\/topcountry.siriusxm.ca\/fr\/catie-st-germain\/#breadcrumb","itemListElement":[{"@type":"ListItem","position":1,"name":"Home","item":"https:\/\/topcountry.siriusxm.ca\/fr\/"},{"@type":"ListItem","position":2,"name":"Artist \/\/ Catie St. Germain (French)"}]},{"@type":"WebSite","@id":"https:\/\/topcountry.siriusxm.ca\/fr\/#website","url":"https:\/\/topcountry.siriusxm.ca\/fr\/","name":"SiriusXM Top Country","description":"","potentialAction":[{"@type":"SearchAction","target":{"@type":"EntryPoint","urlTemplate":"https:\/\/topcountry.siriusxm.ca\/fr\/?s={search_term_string}"},"query-input":{"@type":"PropertyValueSpecification","valueRequired":true,"valueName":"search_term_string"}}],"inLanguage":"fr-FR"}]}},"_links":{"self":[{"href":"https:\/\/topcountry.siriusxm.ca\/fr\/wp-json\/wp\/v2\/pages\/6456","targetHints":{"allow":["GET"]}}],"collection":[{"href":"https:\/\/topcountry.siriusxm.ca\/fr\/wp-json\/wp\/v2\/pages"}],"about":[{"href":"https:\/\/topcountry.siriusxm.ca\/fr\/wp-json\/wp\/v2\/types\/page"}],"author":[{"embeddable":true,"href":"https:\/\/topcountry.siriusxm.ca\/fr\/wp-json\/wp\/v2\/users\/2"}],"replies":[{"embeddable":true,"href":"https:\/\/topcountry.siriusxm.ca\/fr\/wp-json\/wp\/v2\/comments?post=6456"}],"version-history":[{"count":52,"href":"https:\/\/topcountry.siriusxm.ca\/fr\/wp-json\/wp\/v2\/pages\/6456\/revisions"}],"predecessor-version":[{"id":8211,"href":"https:\/\/topcountry.siriusxm.ca\/fr\/wp-json\/wp\/v2\/pages\/6456\/revisions\/8211"}],"wp:featuredmedia":[{"embeddable":true,"href":"https:\/\/topcountry.siriusxm.ca\/fr\/wp-json\/wp\/v2\/media\/3824"}],"wp:attachment":[{"href":"https:\/\/topcountry.siriusxm.ca\/fr\/wp-json\/wp\/v2\/media?parent=6456"}],"curies":[{"name":"wp","href":"https:\/\/api.w.org\/{rel}","templated":true}]}}