{"id":6525,"date":"2026-02-05T00:00:37","date_gmt":"2026-02-05T05:00:37","guid":{"rendered":"https:\/\/topcountry.siriusxm.ca\/mitch-zorn\/"},"modified":"2026-02-18T08:17:07","modified_gmt":"2026-02-18T13:17:07","slug":"blue-ridge-band","status":"publish","type":"page","link":"https:\/\/topcountry.siriusxm.ca\/fr\/blue-ridge-band\/","title":{"rendered":"Artist \/\/ Blue Ridge Band (French)"},"content":{"rendered":"\t\t<div data-elementor-type=\"wp-page\" data-elementor-id=\"6525\" class=\"elementor elementor-6525 elementor-6520\" data-elementor-post-type=\"page\">\n\t\t\t\t<section class=\"elementor-element elementor-element-effb01b e-flex e-con-boxed e-con e-parent\" data-id=\"effb01b\" data-element_type=\"container\" data-e-type=\"container\" data-settings=\"{&quot;background_background&quot;:&quot;classic&quot;}\">\n\t\t\t\t\t<div class=\"e-con-inner\">\n\t\t<div class=\"elementor-element elementor-element-7b89ff8 e-flex e-con-boxed elementor-invisible e-con e-child\" data-id=\"7b89ff8\" data-element_type=\"container\" data-e-type=\"container\" data-settings=\"{&quot;animation&quot;:&quot;fadeIn&quot;,&quot;animation_delay&quot;:300}\">\n\t\t\t\t\t<div class=\"e-con-inner\">\n\t\t\t\t<div class=\"elementor-element elementor-element-cfb37f8 elementor-widget elementor-widget-image\" data-id=\"cfb37f8\" data-element_type=\"widget\" data-e-type=\"widget\" data-widget_type=\"image.default\">\n\t\t\t\t<div class=\"elementor-widget-container\">\n\t\t\t\t\t\t\t\t\t\t\t\t\t\t\t\t<a href=\"\/fr\/#Accueil\">\n\t\t\t\t\t\t\t<img fetchpriority=\"high\" decoding=\"async\" width=\"480\" height=\"209\" src=\"https:\/\/topcountry.siriusxm.ca\/wp-content\/uploads\/2023\/10\/TOTC-2023-Dark.png\" class=\"attachment-full size-full wp-image-3857\" alt=\"Top of the Country de SiriusXM\" srcset=\"https:\/\/topcountry.siriusxm.ca\/wp-content\/uploads\/2023\/10\/TOTC-2023-Dark.png 480w, https:\/\/topcountry.siriusxm.ca\/wp-content\/uploads\/2023\/10\/TOTC-2023-Dark-300x131.png 300w\" sizes=\"(max-width: 480px) 100vw, 480px\" \/>\t\t\t\t\t\t\t\t<\/a>\n\t\t\t\t\t\t\t\t\t\t\t\t\t\t\t<\/div>\n\t\t\t\t<\/div>\n\t\t\t\t\t<\/div>\n\t\t\t\t<\/div>\n\t\t<div class=\"elementor-element elementor-element-818f266 e-con-full e-flex elementor-invisible e-con e-child\" data-id=\"818f266\" data-element_type=\"container\" data-e-type=\"container\" data-settings=\"{&quot;animation_delay&quot;:400,&quot;animation&quot;:&quot;fadeIn&quot;}\">\n\t\t<div class=\"elementor-element elementor-element-cc91a5b e-con-full e-flex e-con e-child\" data-id=\"cc91a5b\" data-element_type=\"container\" data-e-type=\"container\">\n\t\t\t\t<div class=\"elementor-element elementor-element-989a291 no-before elementor-widget elementor-widget-image\" data-id=\"989a291\" data-element_type=\"widget\" data-e-type=\"widget\" data-widget_type=\"image.default\">\n\t\t\t\t<div class=\"elementor-widget-container\">\n\t\t\t\t\t\t\t\t\t\t\t\t\t\t\t<img decoding=\"async\" width=\"500\" height=\"500\" src=\"https:\/\/topcountry.siriusxm.ca\/wp-content\/uploads\/2026\/02\/Blue-Ridge-Band.jpg\" class=\"attachment-full size-full wp-image-7992\" alt=\"\" srcset=\"https:\/\/topcountry.siriusxm.ca\/wp-content\/uploads\/2026\/02\/Blue-Ridge-Band.jpg 500w, https:\/\/topcountry.siriusxm.ca\/wp-content\/uploads\/2026\/02\/Blue-Ridge-Band-300x300.jpg 300w, https:\/\/topcountry.siriusxm.ca\/wp-content\/uploads\/2026\/02\/Blue-Ridge-Band-150x150.jpg 150w\" sizes=\"(max-width: 500px) 100vw, 500px\" \/>\t\t\t\t\t\t\t\t\t\t\t\t\t\t\t<\/div>\n\t\t\t\t<\/div>\n\t\t\t\t<\/div>\n\t\t<div class=\"elementor-element elementor-element-bba5db9 e-con-full e-flex e-con e-child\" data-id=\"bba5db9\" data-element_type=\"container\" data-e-type=\"container\">\n\t\t\t\t<div class=\"elementor-element elementor-element-62380c8 elementor-widget elementor-widget-heading\" data-id=\"62380c8\" data-element_type=\"widget\" data-e-type=\"widget\" data-widget_type=\"heading.default\">\n\t\t\t\t<div class=\"elementor-widget-container\">\n\t\t\t\t\t<h2 class=\"elementor-heading-title elementor-size-default\">Blue Ridge Band<\/h2>\t\t\t\t<\/div>\n\t\t\t\t<\/div>\n\t\t\t\t<div class=\"elementor-element elementor-element-763fa24 elementor-widget__width-initial link-blue-underline elementor-widget elementor-widget-text-editor\" data-id=\"763fa24\" data-element_type=\"widget\" data-e-type=\"widget\" data-widget_type=\"text-editor.default\">\n\t\t\t\t<div class=\"elementor-widget-container\">\n\t\t\t\t\t\t\t\t\t<p>Compos\u00e9 de J\u00e9r\u00e9my Plante, Samuel Jalbert-Raymond et Martin Aubin, Blue Ridge Band est l\u2019un des principaux groupes country du Qu\u00e9bec. Le trio fait tourner les t\u00eates avec ses morceaux \u00e9nergiques et ses nombreux succ\u00e8s depuis la sortie de leur projet <em>Down to Business<\/em> (2022-2023). Laur\u00e9at du prix <em>R\u00e9v\u00e9lation de l\u2019ann\u00e9e aux Rencontres<\/em> de l\u2019ADISQ et finaliste du <em>Boots and Hearts Emerging Artist Showcase<\/em>, le groupe a conclu l\u2019\u00e9t\u00e9 dernier sa tourn\u00e9e <em>High On You<\/em> apr\u00e8s plus de 40 spectacles.<\/p><p>Le 26 septembre, Blue Ridge Band a sorti son deuxi\u00e8me album tr\u00e8s attendu, compos\u00e9 de 10 chansons originales. Sa principale mission : faire bouger la foule et maintenir la bonne humeur estivale, quelle que soit la saison. Avec <em>High On You<\/em>, la f\u00eate ne fait que commencer.<\/p><p>D\u00e9couvrez Blue Ridge Band sur <a href=\"https:\/\/www.facebook.com\/blueridgebandofficiel\/\" target=\"_blank\" rel=\"noopener\">Facebook<\/a>, <a href=\"https:\/\/www.instagram.com\/blueridgeband.official\/\" target=\"_blank\" rel=\"noopener\">Instagram<\/a>, <a href=\"https:\/\/www.tiktok.com\/@blueridgeband\" target=\"_blank\" rel=\"noopener\">TikTok<\/a>, <a href=\"https:\/\/www.youtube.com\/@blueridgeband\" target=\"_blank\" rel=\"noopener\">YouTube <\/a>et son <a href=\"https:\/\/blueridgeband.ca\/\" target=\"_blank\" rel=\"noopener\">site web<\/a>.<\/p>\t\t\t\t\t\t\t\t<\/div>\n\t\t\t\t<\/div>\n\t\t\t\t<div class=\"elementor-element elementor-element-8d23d8b elementor-widget elementor-widget-heading\" data-id=\"8d23d8b\" data-element_type=\"widget\" data-e-type=\"widget\" data-widget_type=\"heading.default\">\n\t\t\t\t<div class=\"elementor-widget-container\">\n\t\t\t\t\t<h3 class=\"elementor-heading-title elementor-size-default\">Partager<\/h3>\t\t\t\t<\/div>\n\t\t\t\t<\/div>\n\t\t\t\t<div class=\"elementor-element elementor-element-bac95ce elementor-widget__width-initial elementor-widget elementor-widget-text-editor\" data-id=\"bac95ce\" data-element_type=\"widget\" data-e-type=\"widget\" data-widget_type=\"text-editor.default\">\n\t\t\t\t<div class=\"elementor-widget-container\">\n\t\t\t\t\t\t\t\t\t<p>\u2014<\/p>\t\t\t\t\t\t\t\t<\/div>\n\t\t\t\t<\/div>\n\t\t\t\t<div class=\"elementor-element elementor-element-01d7666 elementor-shape-circle elementor-grid-2 e-grid-align-left elementor-widget elementor-widget-social-icons\" data-id=\"01d7666\" data-element_type=\"widget\" data-e-type=\"widget\" data-widget_type=\"social-icons.default\">\n\t\t\t\t<div class=\"elementor-widget-container\">\n\t\t\t\t\t\t\t<div class=\"elementor-social-icons-wrapper elementor-grid\" role=\"list\">\n\t\t\t\t\t\t\t<span class=\"elementor-grid-item\" role=\"listitem\">\n\t\t\t\t\t<a class=\"elementor-icon elementor-social-icon elementor-social-icon-facebook elementor-repeater-item-89b26eb\" href=\"https:\/\/www.facebook.com\/sharer\/sharer.php?u=https:\/\/topcountry.siriusxm.ca\/fr\/blue-ridge-band\/\" target=\"_blank\">\n\t\t\t\t\t\t<span class=\"elementor-screen-only\">Facebook<\/span>\n\t\t\t\t\t\t<i aria-hidden=\"true\" class=\"fab fa-facebook\"><\/i>\t\t\t\t\t<\/a>\n\t\t\t\t<\/span>\n\t\t\t\t\t\t\t<span class=\"elementor-grid-item\" role=\"listitem\">\n\t\t\t\t\t<a class=\"elementor-icon elementor-social-icon elementor-social-icon-twitter elementor-repeater-item-85017e6\" href=\"https:\/\/twitter.com\/intent\/tweet?url=https%3A%2F%2Ftopcountry.siriusxm.ca%2Ffr%2Fblue-ridge-band&#038;text=Decouvrez-en%20davantage%20a%20propos%20de%20Blue%20Ridge%20Band%20du%20concours%20Top%20of%20the%20Country%20de%20SiriusXM.&#038;hashtags=topofthecountry\" target=\"_blank\">\n\t\t\t\t\t\t<span class=\"elementor-screen-only\">Twitter<\/span>\n\t\t\t\t\t\t<i aria-hidden=\"true\" class=\"fab fa-twitter\"><\/i>\t\t\t\t\t<\/a>\n\t\t\t\t<\/span>\n\t\t\t\t\t<\/div>\n\t\t\t\t\t\t<\/div>\n\t\t\t\t<\/div>\n\t\t\t\t<\/div>\n\t\t\t\t<\/div>\n\t\t<div class=\"elementor-element elementor-element-41a5306 e-con-full e-flex elementor-invisible e-con e-child\" data-id=\"41a5306\" data-element_type=\"container\" data-e-type=\"container\" data-settings=\"{&quot;animation_delay&quot;:400,&quot;animation&quot;:&quot;fadeIn&quot;}\">\n\t\t<div class=\"elementor-element elementor-element-ccbc939 e-con-full e-flex e-con e-child\" data-id=\"ccbc939\" data-element_type=\"container\" data-e-type=\"container\">\n\t\t\t\t<div class=\"elementor-element elementor-element-4641a67 elementor-widget elementor-widget-image\" data-id=\"4641a67\" data-element_type=\"widget\" data-e-type=\"widget\" data-widget_type=\"image.default\">\n\t\t\t\t<div class=\"elementor-widget-container\">\n\t\t\t\t\t\t\t\t\t\t\t\t\t\t\t\t<a href=\"\/fr\/josh-stumpf\/\">\n\t\t\t\t\t\t\t<img decoding=\"async\" width=\"70\" height=\"70\" src=\"https:\/\/topcountry.siriusxm.ca\/wp-content\/uploads\/2023\/02\/Left-Arrow.png\" class=\"elementor-animation-grow attachment-full size-full wp-image-1678\" alt=\"\" \/>\t\t\t\t\t\t\t\t<\/a>\n\t\t\t\t\t\t\t\t\t\t\t\t\t\t\t<\/div>\n\t\t\t\t<\/div>\n\t\t\t\t<\/div>\n\t\t<div class=\"elementor-element elementor-element-bcde814 e-con-full e-flex e-con e-child\" data-id=\"bcde814\" data-element_type=\"container\" data-e-type=\"container\">\n\t\t\t\t<div class=\"elementor-element elementor-element-fea51cf elementor-widget elementor-widget-image\" data-id=\"fea51cf\" data-element_type=\"widget\" data-e-type=\"widget\" data-widget_type=\"image.default\">\n\t\t\t\t<div class=\"elementor-widget-container\">\n\t\t\t\t\t\t\t\t\t\t\t\t\t\t\t\t<a href=\"\/fr\/ben-chase\/\">\n\t\t\t\t\t\t\t<img loading=\"lazy\" decoding=\"async\" width=\"70\" height=\"70\" src=\"https:\/\/topcountry.siriusxm.ca\/wp-content\/uploads\/2023\/02\/Right-Arrow.png\" class=\"elementor-animation-grow attachment-full size-full wp-image-1680\" alt=\"\" \/>\t\t\t\t\t\t\t\t<\/a>\n\t\t\t\t\t\t\t\t\t\t\t\t\t\t\t<\/div>\n\t\t\t\t<\/div>\n\t\t\t\t<\/div>\n\t\t\t\t<\/div>\n\t\t\t\t\t<\/div>\n\t\t\t\t<\/section>\n\t\t\t\t<\/div>\n\t\t","protected":false},"excerpt":{"rendered":"<p>Blue Ridge Band Compos\u00e9 de J\u00e9r\u00e9my Plante, Samuel Jalbert-Raymond et Martin Aubin, Blue Ridge Band est l\u2019un des principaux groupes country du Qu\u00e9bec. Le trio fait tourner les t\u00eates avec ses morceaux \u00e9nergiques et ses nombreux succ\u00e8s depuis la sortie de leur projet Down to Business (2022-2023). Laur\u00e9at du prix R\u00e9v\u00e9lation de l\u2019ann\u00e9e aux Rencontres &hellip; <a href=\"https:\/\/topcountry.siriusxm.ca\/fr\/blue-ridge-band\/\">Continued<\/a><\/p>\n","protected":false},"author":2,"featured_media":3824,"parent":0,"menu_order":0,"comment_status":"closed","ping_status":"closed","template":"","meta":{"_acf_changed":false,"footnotes":""},"class_list":["post-6525","page","type-page","status-publish","has-post-thumbnail","hentry"],"acf":[],"yoast_head":"<!-- This site is optimized with the Yoast SEO plugin v27.2 - https:\/\/yoast.com\/product\/yoast-seo-wordpress\/ -->\n<title>Top of the Country de SiriusXM | Blue Ridge Band<\/title>\n<meta name=\"description\" content=\"D\u00e9couvrez-en davantage \u00e0 propos de Blue Ridge Band du concours Top of the Country de SiriusXM.\" \/>\n<meta name=\"robots\" content=\"index, follow, max-snippet:-1, max-image-preview:large, max-video-preview:-1\" \/>\n<link rel=\"canonical\" href=\"https:\/\/topcountry.siriusxm.ca\/fr\/blue-ridge-band\/\" \/>\n<meta property=\"og:locale\" content=\"fr_FR\" \/>\n<meta property=\"og:type\" content=\"article\" \/>\n<meta property=\"og:title\" content=\"Top of the Country de SiriusXM | Blue Ridge Band\" \/>\n<meta property=\"og:description\" content=\"D\u00e9couvrez-en davantage \u00e0 propos de Blue Ridge Band du concours Top of the Country de SiriusXM.\" \/>\n<meta property=\"og:url\" content=\"https:\/\/topcountry.siriusxm.ca\/fr\/blue-ridge-band\/\" \/>\n<meta property=\"og:site_name\" content=\"SiriusXM Top Country\" \/>\n<meta property=\"article:modified_time\" content=\"2026-02-18T13:17:07+00:00\" \/>\n<meta property=\"og:image\" content=\"https:\/\/topcountry.siriusxm.ca\/wp-content\/uploads\/2023\/10\/TOTC-2023-FR-Facebook.jpg\" \/>\n\t<meta property=\"og:image:width\" content=\"1200\" \/>\n\t<meta property=\"og:image:height\" content=\"630\" \/>\n\t<meta property=\"og:image:type\" content=\"image\/jpeg\" \/>\n<meta name=\"twitter:card\" content=\"summary_large_image\" \/>\n<meta name=\"twitter:label1\" content=\"Dur\u00e9e de lecture estim\u00e9e\" \/>\n\t<meta name=\"twitter:data1\" content=\"2 minutes\" \/>\n<script type=\"application\/ld+json\" class=\"yoast-schema-graph\">{\"@context\":\"https:\/\/schema.org\",\"@graph\":[{\"@type\":\"WebPage\",\"@id\":\"https:\/\/topcountry.siriusxm.ca\/fr\/blue-ridge-band\/\",\"url\":\"https:\/\/topcountry.siriusxm.ca\/fr\/blue-ridge-band\/\",\"name\":\"Top of the Country de SiriusXM | Blue Ridge Band\",\"isPartOf\":{\"@id\":\"https:\/\/topcountry.siriusxm.ca\/fr\/#website\"},\"primaryImageOfPage\":{\"@id\":\"https:\/\/topcountry.siriusxm.ca\/fr\/blue-ridge-band\/#primaryimage\"},\"image\":{\"@id\":\"https:\/\/topcountry.siriusxm.ca\/fr\/blue-ridge-band\/#primaryimage\"},\"thumbnailUrl\":\"https:\/\/topcountry.siriusxm.ca\/wp-content\/uploads\/2023\/10\/TOTC-2023-FR-Facebook.jpg\",\"datePublished\":\"2026-02-05T05:00:37+00:00\",\"dateModified\":\"2026-02-18T13:17:07+00:00\",\"description\":\"D\u00e9couvrez-en davantage \u00e0 propos de Blue Ridge Band du concours Top of the Country de SiriusXM.\",\"breadcrumb\":{\"@id\":\"https:\/\/topcountry.siriusxm.ca\/fr\/blue-ridge-band\/#breadcrumb\"},\"inLanguage\":\"fr-FR\",\"potentialAction\":[{\"@type\":\"ReadAction\",\"target\":[\"https:\/\/topcountry.siriusxm.ca\/fr\/blue-ridge-band\/\"]}]},{\"@type\":\"ImageObject\",\"inLanguage\":\"fr-FR\",\"@id\":\"https:\/\/topcountry.siriusxm.ca\/fr\/blue-ridge-band\/#primaryimage\",\"url\":\"https:\/\/topcountry.siriusxm.ca\/wp-content\/uploads\/2023\/10\/TOTC-2023-FR-Facebook.jpg\",\"contentUrl\":\"https:\/\/topcountry.siriusxm.ca\/wp-content\/uploads\/2023\/10\/TOTC-2023-FR-Facebook.jpg\",\"width\":1200,\"height\":630},{\"@type\":\"BreadcrumbList\",\"@id\":\"https:\/\/topcountry.siriusxm.ca\/fr\/blue-ridge-band\/#breadcrumb\",\"itemListElement\":[{\"@type\":\"ListItem\",\"position\":1,\"name\":\"Home\",\"item\":\"https:\/\/topcountry.siriusxm.ca\/fr\/\"},{\"@type\":\"ListItem\",\"position\":2,\"name\":\"Artist \/\/ Blue Ridge Band (French)\"}]},{\"@type\":\"WebSite\",\"@id\":\"https:\/\/topcountry.siriusxm.ca\/fr\/#website\",\"url\":\"https:\/\/topcountry.siriusxm.ca\/fr\/\",\"name\":\"SiriusXM Top Country\",\"description\":\"\",\"potentialAction\":[{\"@type\":\"SearchAction\",\"target\":{\"@type\":\"EntryPoint\",\"urlTemplate\":\"https:\/\/topcountry.siriusxm.ca\/fr\/?s={search_term_string}\"},\"query-input\":{\"@type\":\"PropertyValueSpecification\",\"valueRequired\":true,\"valueName\":\"search_term_string\"}}],\"inLanguage\":\"fr-FR\"}]}<\/script>\n<!-- \/ Yoast SEO plugin. -->","yoast_head_json":{"title":"Top of the Country de SiriusXM | Blue Ridge Band","description":"D\u00e9couvrez-en davantage \u00e0 propos de Blue Ridge Band du concours Top of the Country de SiriusXM.","robots":{"index":"index","follow":"follow","max-snippet":"max-snippet:-1","max-image-preview":"max-image-preview:large","max-video-preview":"max-video-preview:-1"},"canonical":"https:\/\/topcountry.siriusxm.ca\/fr\/blue-ridge-band\/","og_locale":"fr_FR","og_type":"article","og_title":"Top of the Country de SiriusXM | Blue Ridge Band","og_description":"D\u00e9couvrez-en davantage \u00e0 propos de Blue Ridge Band du concours Top of the Country de SiriusXM.","og_url":"https:\/\/topcountry.siriusxm.ca\/fr\/blue-ridge-band\/","og_site_name":"SiriusXM Top Country","article_modified_time":"2026-02-18T13:17:07+00:00","og_image":[{"width":1200,"height":630,"url":"https:\/\/topcountry.siriusxm.ca\/wp-content\/uploads\/2023\/10\/TOTC-2023-FR-Facebook.jpg","type":"image\/jpeg"}],"twitter_card":"summary_large_image","twitter_misc":{"Dur\u00e9e de lecture estim\u00e9e":"2 minutes"},"schema":{"@context":"https:\/\/schema.org","@graph":[{"@type":"WebPage","@id":"https:\/\/topcountry.siriusxm.ca\/fr\/blue-ridge-band\/","url":"https:\/\/topcountry.siriusxm.ca\/fr\/blue-ridge-band\/","name":"Top of the Country de SiriusXM | Blue Ridge Band","isPartOf":{"@id":"https:\/\/topcountry.siriusxm.ca\/fr\/#website"},"primaryImageOfPage":{"@id":"https:\/\/topcountry.siriusxm.ca\/fr\/blue-ridge-band\/#primaryimage"},"image":{"@id":"https:\/\/topcountry.siriusxm.ca\/fr\/blue-ridge-band\/#primaryimage"},"thumbnailUrl":"https:\/\/topcountry.siriusxm.ca\/wp-content\/uploads\/2023\/10\/TOTC-2023-FR-Facebook.jpg","datePublished":"2026-02-05T05:00:37+00:00","dateModified":"2026-02-18T13:17:07+00:00","description":"D\u00e9couvrez-en davantage \u00e0 propos de Blue Ridge Band du concours Top of the Country de SiriusXM.","breadcrumb":{"@id":"https:\/\/topcountry.siriusxm.ca\/fr\/blue-ridge-band\/#breadcrumb"},"inLanguage":"fr-FR","potentialAction":[{"@type":"ReadAction","target":["https:\/\/topcountry.siriusxm.ca\/fr\/blue-ridge-band\/"]}]},{"@type":"ImageObject","inLanguage":"fr-FR","@id":"https:\/\/topcountry.siriusxm.ca\/fr\/blue-ridge-band\/#primaryimage","url":"https:\/\/topcountry.siriusxm.ca\/wp-content\/uploads\/2023\/10\/TOTC-2023-FR-Facebook.jpg","contentUrl":"https:\/\/topcountry.siriusxm.ca\/wp-content\/uploads\/2023\/10\/TOTC-2023-FR-Facebook.jpg","width":1200,"height":630},{"@type":"BreadcrumbList","@id":"https:\/\/topcountry.siriusxm.ca\/fr\/blue-ridge-band\/#breadcrumb","itemListElement":[{"@type":"ListItem","position":1,"name":"Home","item":"https:\/\/topcountry.siriusxm.ca\/fr\/"},{"@type":"ListItem","position":2,"name":"Artist \/\/ Blue Ridge Band (French)"}]},{"@type":"WebSite","@id":"https:\/\/topcountry.siriusxm.ca\/fr\/#website","url":"https:\/\/topcountry.siriusxm.ca\/fr\/","name":"SiriusXM Top Country","description":"","potentialAction":[{"@type":"SearchAction","target":{"@type":"EntryPoint","urlTemplate":"https:\/\/topcountry.siriusxm.ca\/fr\/?s={search_term_string}"},"query-input":{"@type":"PropertyValueSpecification","valueRequired":true,"valueName":"search_term_string"}}],"inLanguage":"fr-FR"}]}},"_links":{"self":[{"href":"https:\/\/topcountry.siriusxm.ca\/fr\/wp-json\/wp\/v2\/pages\/6525","targetHints":{"allow":["GET"]}}],"collection":[{"href":"https:\/\/topcountry.siriusxm.ca\/fr\/wp-json\/wp\/v2\/pages"}],"about":[{"href":"https:\/\/topcountry.siriusxm.ca\/fr\/wp-json\/wp\/v2\/types\/page"}],"author":[{"embeddable":true,"href":"https:\/\/topcountry.siriusxm.ca\/fr\/wp-json\/wp\/v2\/users\/2"}],"replies":[{"embeddable":true,"href":"https:\/\/topcountry.siriusxm.ca\/fr\/wp-json\/wp\/v2\/comments?post=6525"}],"version-history":[{"count":63,"href":"https:\/\/topcountry.siriusxm.ca\/fr\/wp-json\/wp\/v2\/pages\/6525\/revisions"}],"predecessor-version":[{"id":8194,"href":"https:\/\/topcountry.siriusxm.ca\/fr\/wp-json\/wp\/v2\/pages\/6525\/revisions\/8194"}],"wp:featuredmedia":[{"embeddable":true,"href":"https:\/\/topcountry.siriusxm.ca\/fr\/wp-json\/wp\/v2\/media\/3824"}],"wp:attachment":[{"href":"https:\/\/topcountry.siriusxm.ca\/fr\/wp-json\/wp\/v2\/media?parent=6525"}],"curies":[{"name":"wp","href":"https:\/\/api.w.org\/{rel}","templated":true}]}}